{"id":3230,"date":"2025-06-13T20:51:42","date_gmt":"2025-06-13T18:51:42","guid":{"rendered":"https:\/\/jetskifly.com\/blog\/"},"modified":"2025-08-13T19:33:54","modified_gmt":"2025-08-13T17:33:54","slug":"blog","status":"publish","type":"page","link":"https:\/\/jetskifly.com\/fr\/blog\/","title":{"rendered":"Blog"},"content":{"rendered":"<ul class=\"wp-block-latest-posts__list blog-post wp-block-latest-posts\"><li><div class=\"wp-block-latest-posts__featured-image aligncenter\"><a href=\"https:\/\/jetskifly.com\/fr\/ai-je-besoin-dun-permis-pour-louer-un-jet-ski-a-ibiza\/\" aria-label=\"Ai-je besoin d\u2019un permis pour louer un jet ski \u00e0 Ibiza ?\"><img fetchpriority=\"high\" decoding=\"async\" width=\"800\" height=\"533\" src=\"https:\/\/jetskifly.com\/wp-content\/uploads\/licencia-moto-de-agua-1500x1000.png\" class=\"attachment-large size-large wp-post-image\" alt=\"\" style=\"\" srcset=\"https:\/\/jetskifly.com\/wp-content\/uploads\/licencia-moto-de-agua-1500x1000.png 1500w, https:\/\/jetskifly.com\/wp-content\/uploads\/licencia-moto-de-agua-640x427.png 640w, https:\/\/jetskifly.com\/wp-content\/uploads\/licencia-moto-de-agua-768x512.png 768w, https:\/\/jetskifly.com\/wp-content\/uploads\/licencia-moto-de-agua-600x400.png 600w, https:\/\/jetskifly.com\/wp-content\/uploads\/licencia-moto-de-agua.png 1536w\" sizes=\"(max-width: 800px) 100vw, 800px\" \/><\/a><\/div><a class=\"wp-block-latest-posts__post-title\" href=\"https:\/\/jetskifly.com\/fr\/ai-je-besoin-dun-permis-pour-louer-un-jet-ski-a-ibiza\/\">Ai-je besoin d\u2019un permis pour louer un jet ski \u00e0 Ibiza ?<\/a><div class=\"wp-block-latest-posts__post-excerpt\">Ai-je besoin d\u2019un permis pour louer un jet ski \u00e0 Ibiza ? Guide clair pour les touristes Si vous organisez vos vacances sur l\u2019\u00eele et que vous souhaitez vivre l\u2019exp\u00e9rience de conduire un jet ski \u00e0 Ibiza, vous vous demandez probablement : ai-je besoin d\u2019un permis ? Dans\u2026 <a class=\"wp-block-latest-posts__read-more\" href=\"https:\/\/jetskifly.com\/fr\/ai-je-besoin-dun-permis-pour-louer-un-jet-ski-a-ibiza\/\" rel=\"noopener noreferrer\">Lire la suite<span class=\"screen-reader-text\">\u00a0: Ai-je besoin d\u2019un permis pour louer un jet ski \u00e0 Ibiza ?<\/span><\/a><\/div><\/li>\n<li><div class=\"wp-block-latest-posts__featured-image aligncenter\"><a href=\"https:\/\/jetskifly.com\/fr\/que-faire-a-ibiza-en-ete-vivre-lexperience-unique-du-jet-ski\/\" aria-label=\"Que faire \u00e0 Ibiza en \u00e9t\u00e9 : vivre l\u2019exp\u00e9rience unique du jet ski\"><img decoding=\"async\" width=\"800\" height=\"533\" src=\"https:\/\/jetskifly.com\/wp-content\/uploads\/verano-ibiza-1500x1000.png\" class=\"attachment-large size-large wp-post-image\" alt=\"\" style=\"\" srcset=\"https:\/\/jetskifly.com\/wp-content\/uploads\/verano-ibiza-1500x1000.png 1500w, https:\/\/jetskifly.com\/wp-content\/uploads\/verano-ibiza-640x427.png 640w, https:\/\/jetskifly.com\/wp-content\/uploads\/verano-ibiza-768x512.png 768w, https:\/\/jetskifly.com\/wp-content\/uploads\/verano-ibiza-600x400.png 600w, https:\/\/jetskifly.com\/wp-content\/uploads\/verano-ibiza.png 1536w\" sizes=\"(max-width: 800px) 100vw, 800px\" \/><\/a><\/div><a class=\"wp-block-latest-posts__post-title\" href=\"https:\/\/jetskifly.com\/fr\/que-faire-a-ibiza-en-ete-vivre-lexperience-unique-du-jet-ski\/\">Que faire \u00e0 Ibiza en \u00e9t\u00e9 : vivre l\u2019exp\u00e9rience unique du jet ski<\/a><div class=\"wp-block-latest-posts__post-excerpt\">Que faire \u00e0 Ibiza en \u00e9t\u00e9 : vivre l\u2019exp\u00e9rience unique du jet ski Ibiza est synonyme d\u2019\u00e9t\u00e9, de plage et de libert\u00e9. Mais au-del\u00e0 de sa vie nocturne anim\u00e9e, l\u2019\u00eele offre une grande vari\u00e9t\u00e9 de plans inoubliables \u00e0 appr\u00e9cier pendant la journ\u00e9e. Si vous planifiez votre voyage et\u2026 <a class=\"wp-block-latest-posts__read-more\" href=\"https:\/\/jetskifly.com\/fr\/que-faire-a-ibiza-en-ete-vivre-lexperience-unique-du-jet-ski\/\" rel=\"noopener noreferrer\">Lire la suite<span class=\"screen-reader-text\">\u00a0: Que faire \u00e0 Ibiza en \u00e9t\u00e9 : vivre l\u2019exp\u00e9rience unique du jet ski<\/span><\/a><\/div><\/li>\n<li><div class=\"wp-block-latest-posts__featured-image aligncenter\"><a href=\"https:\/\/jetskifly.com\/fr\/jet-ski-vs-autres-activites-nautiques-a-ibiza-laquelle-choisir-cet-ete\/\" aria-label=\"Jet ski vs autres activit\u00e9s nautiques \u00e0 Ibiza : laquelle choisir cet \u00e9t\u00e9 ?\"><img decoding=\"async\" width=\"800\" height=\"533\" src=\"https:\/\/jetskifly.com\/wp-content\/uploads\/moto-de-agua-ibiza-1500x1000.png\" class=\"attachment-large size-large wp-post-image\" alt=\"\" style=\"\" srcset=\"https:\/\/jetskifly.com\/wp-content\/uploads\/moto-de-agua-ibiza-1500x1000.png 1500w, https:\/\/jetskifly.com\/wp-content\/uploads\/moto-de-agua-ibiza-640x427.png 640w, https:\/\/jetskifly.com\/wp-content\/uploads\/moto-de-agua-ibiza-768x512.png 768w, https:\/\/jetskifly.com\/wp-content\/uploads\/moto-de-agua-ibiza-600x400.png 600w, https:\/\/jetskifly.com\/wp-content\/uploads\/moto-de-agua-ibiza.png 1536w\" sizes=\"(max-width: 800px) 100vw, 800px\" \/><\/a><\/div><a class=\"wp-block-latest-posts__post-title\" href=\"https:\/\/jetskifly.com\/fr\/jet-ski-vs-autres-activites-nautiques-a-ibiza-laquelle-choisir-cet-ete\/\">Jet ski vs autres activit\u00e9s nautiques \u00e0 Ibiza : laquelle choisir cet \u00e9t\u00e9 ?<\/a><div class=\"wp-block-latest-posts__post-excerpt\">Jet ski vs autres activit\u00e9s nautiques \u00e0 Ibiza : laquelle choisir cet \u00e9t\u00e9 ? Si vous organisez vos vacances \u00e0 Ibiza et que vous voulez profiter de la mer, vous vous \u00eates probablement demand\u00e9 : quelle activit\u00e9 nautique est la meilleure pour moi ? Jet ski, bateau banane,\u2026 <a class=\"wp-block-latest-posts__read-more\" href=\"https:\/\/jetskifly.com\/fr\/jet-ski-vs-autres-activites-nautiques-a-ibiza-laquelle-choisir-cet-ete\/\" rel=\"noopener noreferrer\">Lire la suite<span class=\"screen-reader-text\">\u00a0: Jet ski vs autres activit\u00e9s nautiques \u00e0 Ibiza : laquelle choisir cet \u00e9t\u00e9 ?<\/span><\/a><\/div><\/li>\n<li><div class=\"wp-block-latest-posts__featured-image aligncenter\"><a href=\"https:\/\/jetskifly.com\/fr\/jet-ski-a-ibiza-prix-horaires-et-tout-ce-quil-faut-savoir-avant-de-louer\/\" aria-label=\"Jet ski \u00e0 Ibiza : prix, horaires et tout ce qu\u2019il faut savoir avant de louer\"><img loading=\"lazy\" decoding=\"async\" width=\"800\" height=\"800\" src=\"https:\/\/jetskifly.com\/wp-content\/uploads\/moto-de-agua.png\" class=\"attachment-large size-large wp-post-image\" alt=\"\" style=\"\" srcset=\"https:\/\/jetskifly.com\/wp-content\/uploads\/moto-de-agua.png 1024w, https:\/\/jetskifly.com\/wp-content\/uploads\/moto-de-agua-640x640.png 640w, https:\/\/jetskifly.com\/wp-content\/uploads\/moto-de-agua-320x320.png 320w, https:\/\/jetskifly.com\/wp-content\/uploads\/moto-de-agua-768x768.png 768w, https:\/\/jetskifly.com\/wp-content\/uploads\/moto-de-agua-300x300.png 300w, https:\/\/jetskifly.com\/wp-content\/uploads\/moto-de-agua-600x600.png 600w, https:\/\/jetskifly.com\/wp-content\/uploads\/moto-de-agua-100x100.png 100w\" sizes=\"(max-width: 800px) 100vw, 800px\" \/><\/a><\/div><a class=\"wp-block-latest-posts__post-title\" href=\"https:\/\/jetskifly.com\/fr\/jet-ski-a-ibiza-prix-horaires-et-tout-ce-quil-faut-savoir-avant-de-louer\/\">Jet ski \u00e0 Ibiza : prix, horaires et tout ce qu\u2019il faut savoir avant de louer<\/a><div class=\"wp-block-latest-posts__post-excerpt\">Jet ski \u00e0 Ibiza : prix, horaires et tout ce qu\u2019il faut savoir avant de louer Vous envisagez de louer un jet ski pendant vos vacances \u00e0 Ibiza ? Le jet ski est l\u2019une des activit\u00e9s nautiques les plus excitantes et les plus recherch\u00e9es de l\u2019\u00eele, mais avant\u2026 <a class=\"wp-block-latest-posts__read-more\" href=\"https:\/\/jetskifly.com\/fr\/jet-ski-a-ibiza-prix-horaires-et-tout-ce-quil-faut-savoir-avant-de-louer\/\" rel=\"noopener noreferrer\">Lire la suite<span class=\"screen-reader-text\">\u00a0: Jet ski \u00e0 Ibiza : prix, horaires et tout ce qu\u2019il faut savoir avant de louer<\/span><\/a><\/div><\/li>\n<li><div class=\"wp-block-latest-posts__featured-image aligncenter\"><a href=\"https:\/\/jetskifly.com\/fr\/jet-ski-a-ibiza-au-coucher-du-soleil-une-experience-inoubliable-en-mer\/\" aria-label=\"Jet ski \u00e0 Ibiza au coucher du soleil : une exp\u00e9rience inoubliable en mer\"><img loading=\"lazy\" decoding=\"async\" width=\"800\" height=\"533\" src=\"https:\/\/jetskifly.com\/wp-content\/uploads\/ibiza-tardecer-1500x1000.png\" class=\"attachment-large size-large wp-post-image\" alt=\"\" style=\"\" srcset=\"https:\/\/jetskifly.com\/wp-content\/uploads\/ibiza-tardecer-1500x1000.png 1500w, https:\/\/jetskifly.com\/wp-content\/uploads\/ibiza-tardecer-640x427.png 640w, https:\/\/jetskifly.com\/wp-content\/uploads\/ibiza-tardecer-768x512.png 768w, https:\/\/jetskifly.com\/wp-content\/uploads\/ibiza-tardecer-600x400.png 600w, https:\/\/jetskifly.com\/wp-content\/uploads\/ibiza-tardecer.png 1536w\" sizes=\"(max-width: 800px) 100vw, 800px\" \/><\/a><\/div><a class=\"wp-block-latest-posts__post-title\" href=\"https:\/\/jetskifly.com\/fr\/jet-ski-a-ibiza-au-coucher-du-soleil-une-experience-inoubliable-en-mer\/\">Jet ski \u00e0 Ibiza au coucher du soleil : une exp\u00e9rience inoubliable en mer<\/a><div class=\"wp-block-latest-posts__post-excerpt\">Jet ski \u00e0 Ibiza au coucher du soleil : une exp\u00e9rience inoubliable en mer Ibiza est c\u00e9l\u00e8bre pour avoir l\u2019un des couchers de soleil les plus spectaculaires de la M\u00e9diterran\u00e9e. Regarder le soleil dispara\u00eetre derri\u00e8re la mer, teindre le ciel d\u2019orange, de rose et de violet est, en\u2026 <a class=\"wp-block-latest-posts__read-more\" href=\"https:\/\/jetskifly.com\/fr\/jet-ski-a-ibiza-au-coucher-du-soleil-une-experience-inoubliable-en-mer\/\" rel=\"noopener noreferrer\">Lire la suite<span class=\"screen-reader-text\">\u00a0: Jet ski \u00e0 Ibiza au coucher du soleil : une exp\u00e9rience inoubliable en mer<\/span><\/a><\/div><\/li>\n<li><div class=\"wp-block-latest-posts__featured-image aligncenter\"><a href=\"https:\/\/jetskifly.com\/fr\/jet-ski-dibiza-decouvrez-lile-depuis-la-mer-comme-jamais-auparavant\/\" aria-label=\"Jet ski d\u2019Ibiza : d\u00e9couvrez l\u2019\u00eele depuis la mer comme jamais auparavant\"><img loading=\"lazy\" decoding=\"async\" width=\"800\" height=\"533\" src=\"https:\/\/jetskifly.com\/wp-content\/uploads\/alquiler-moto-de-agua-1500x1000.png\" class=\"attachment-large size-large wp-post-image\" alt=\"\" style=\"\" srcset=\"https:\/\/jetskifly.com\/wp-content\/uploads\/alquiler-moto-de-agua-1500x1000.png 1500w, https:\/\/jetskifly.com\/wp-content\/uploads\/alquiler-moto-de-agua-640x427.png 640w, https:\/\/jetskifly.com\/wp-content\/uploads\/alquiler-moto-de-agua-768x512.png 768w, https:\/\/jetskifly.com\/wp-content\/uploads\/alquiler-moto-de-agua-600x400.png 600w, https:\/\/jetskifly.com\/wp-content\/uploads\/alquiler-moto-de-agua.png 1536w\" sizes=\"(max-width: 800px) 100vw, 800px\" \/><\/a><\/div><a class=\"wp-block-latest-posts__post-title\" href=\"https:\/\/jetskifly.com\/fr\/jet-ski-dibiza-decouvrez-lile-depuis-la-mer-comme-jamais-auparavant\/\">Jet ski d\u2019Ibiza : d\u00e9couvrez l\u2019\u00eele depuis la mer comme jamais auparavant<\/a><div class=\"wp-block-latest-posts__post-excerpt\">Jet ski d\u2019Ibiza : d\u00e9couvrez l\u2019\u00eele depuis la mer comme jamais auparavant Ibiza, c\u2019est bien plus qu\u2019une simple f\u00eate. C\u2019est la nature, la libert\u00e9, le large et les criques cach\u00e9es. Et il n\u2019y a pas de meilleure fa\u00e7on de vivre tout cela que d\u2019explorer Ibiza en jet ski.\u2026 <a class=\"wp-block-latest-posts__read-more\" href=\"https:\/\/jetskifly.com\/fr\/jet-ski-dibiza-decouvrez-lile-depuis-la-mer-comme-jamais-auparavant\/\" rel=\"noopener noreferrer\">Lire la suite<span class=\"screen-reader-text\">\u00a0: Jet ski d\u2019Ibiza : d\u00e9couvrez l\u2019\u00eele depuis la mer comme jamais auparavant<\/span><\/a><\/div><\/li>\n<li><div class=\"wp-block-latest-posts__featured-image aligncenter\"><a href=\"https:\/\/jetskifly.com\/fr\/location-de-jet-ski-a-ibiza-le-guide-ultime-pour-les-debutants-et-les-experts\/\" aria-label=\"Location de jet ski \u00e0 Ibiza : le guide ultime pour les d\u00e9butants et les experts\"><img loading=\"lazy\" decoding=\"async\" width=\"800\" height=\"533\" src=\"https:\/\/jetskifly.com\/wp-content\/uploads\/jetsky-1500x1000.png\" class=\"attachment-large size-large wp-post-image\" alt=\"\" style=\"\" srcset=\"https:\/\/jetskifly.com\/wp-content\/uploads\/jetsky-1500x1000.png 1500w, https:\/\/jetskifly.com\/wp-content\/uploads\/jetsky-640x427.png 640w, https:\/\/jetskifly.com\/wp-content\/uploads\/jetsky-768x512.png 768w, https:\/\/jetskifly.com\/wp-content\/uploads\/jetsky-600x400.png 600w, https:\/\/jetskifly.com\/wp-content\/uploads\/jetsky.png 1536w\" sizes=\"(max-width: 800px) 100vw, 800px\" \/><\/a><\/div><a class=\"wp-block-latest-posts__post-title\" href=\"https:\/\/jetskifly.com\/fr\/location-de-jet-ski-a-ibiza-le-guide-ultime-pour-les-debutants-et-les-experts\/\">Location de jet ski \u00e0 Ibiza : le guide ultime pour les d\u00e9butants et les experts<\/a><div class=\"wp-block-latest-posts__post-excerpt\">Si vous envisagez de vivre une exp\u00e9rience inoubliable pendant vos vacances, la location de jet ski \u00e0 Ibiza est l\u2019une des meilleures activit\u00e9s que vous puissiez faire. Que ce soit votre premi\u00e8re fois ou que vous soyez d\u00e9j\u00e0 exp\u00e9riment\u00e9, parcourir la c\u00f4te d\u2019Ibiza en jet ski vous offre\u2026 <a class=\"wp-block-latest-posts__read-more\" href=\"https:\/\/jetskifly.com\/fr\/location-de-jet-ski-a-ibiza-le-guide-ultime-pour-les-debutants-et-les-experts\/\" rel=\"noopener noreferrer\">Lire la suite<span class=\"screen-reader-text\">\u00a0: Location de jet ski \u00e0 Ibiza : le guide ultime pour les d\u00e9butants et les experts<\/span><\/a><\/div><\/li>\n<li><div class=\"wp-block-latest-posts__featured-image aligncenter\"><a href=\"https:\/\/jetskifly.com\/fr\/5-raisons-pour-lesquelles-la-location-dun-jet-ski-a-ibiza-est-le-meilleur-plan-de-votre-ete\/\" aria-label=\"5 raisons pour lesquelles la location d\u2019un jet ski \u00e0 Ibiza est le meilleur plan de votre \u00e9t\u00e9\"><img loading=\"lazy\" decoding=\"async\" width=\"800\" height=\"533\" src=\"https:\/\/jetskifly.com\/wp-content\/uploads\/playa-ibiza-1500x1000.png\" class=\"attachment-large size-large wp-post-image\" alt=\"\" style=\"\" srcset=\"https:\/\/jetskifly.com\/wp-content\/uploads\/playa-ibiza-1500x1000.png 1500w, https:\/\/jetskifly.com\/wp-content\/uploads\/playa-ibiza-640x427.png 640w, https:\/\/jetskifly.com\/wp-content\/uploads\/playa-ibiza-768x512.png 768w, https:\/\/jetskifly.com\/wp-content\/uploads\/playa-ibiza-600x400.png 600w, https:\/\/jetskifly.com\/wp-content\/uploads\/playa-ibiza.png 1536w\" sizes=\"(max-width: 800px) 100vw, 800px\" \/><\/a><\/div><a class=\"wp-block-latest-posts__post-title\" href=\"https:\/\/jetskifly.com\/fr\/5-raisons-pour-lesquelles-la-location-dun-jet-ski-a-ibiza-est-le-meilleur-plan-de-votre-ete\/\">5 raisons pour lesquelles la location d\u2019un jet ski \u00e0 Ibiza est le meilleur plan de votre \u00e9t\u00e9<\/a><div class=\"wp-block-latest-posts__post-excerpt\">5 raisons pour lesquelles la location d\u2019un jet ski \u00e0 Ibiza est le meilleur plan de votre \u00e9t\u00e9 Si vous organisez vos vacances et que vous vous demandez quoi faire \u00e0 Ibiza pour vivre une exp\u00e9rience diff\u00e9rente, excitante et unique, la r\u00e9ponse est claire : louez un jet\u2026 <a class=\"wp-block-latest-posts__read-more\" href=\"https:\/\/jetskifly.com\/fr\/5-raisons-pour-lesquelles-la-location-dun-jet-ski-a-ibiza-est-le-meilleur-plan-de-votre-ete\/\" rel=\"noopener noreferrer\">Lire la suite<span class=\"screen-reader-text\">\u00a0: 5 raisons pour lesquelles la location d\u2019un jet ski \u00e0 Ibiza est le meilleur plan de votre \u00e9t\u00e9<\/span><\/a><\/div><\/li>\n<li><div class=\"wp-block-latest-posts__featured-image aligncenter\"><a href=\"https:\/\/jetskifly.com\/fr\/les-meilleures-excursions-en-jet-ski-a-ibiza-explorez-des-criques-secretes-et-des-paysages-uniques\/\" aria-label=\"Les meilleures excursions en jet ski \u00e0 Ibiza : explorez des criques secr\u00e8tes et des paysages uniques\"><img loading=\"lazy\" decoding=\"async\" width=\"800\" height=\"533\" src=\"https:\/\/jetskifly.com\/wp-content\/uploads\/ruta-moto-de-agua-1500x1000.png\" class=\"attachment-large size-large wp-post-image\" alt=\"\" style=\"\" srcset=\"https:\/\/jetskifly.com\/wp-content\/uploads\/ruta-moto-de-agua-1500x1000.png 1500w, https:\/\/jetskifly.com\/wp-content\/uploads\/ruta-moto-de-agua-640x427.png 640w, https:\/\/jetskifly.com\/wp-content\/uploads\/ruta-moto-de-agua-768x512.png 768w, https:\/\/jetskifly.com\/wp-content\/uploads\/ruta-moto-de-agua-600x400.png 600w, https:\/\/jetskifly.com\/wp-content\/uploads\/ruta-moto-de-agua.png 1536w\" sizes=\"(max-width: 800px) 100vw, 800px\" \/><\/a><\/div><a class=\"wp-block-latest-posts__post-title\" href=\"https:\/\/jetskifly.com\/fr\/les-meilleures-excursions-en-jet-ski-a-ibiza-explorez-des-criques-secretes-et-des-paysages-uniques\/\">Les meilleures excursions en jet ski \u00e0 Ibiza : explorez des criques secr\u00e8tes et des paysages uniques<\/a><div class=\"wp-block-latest-posts__post-excerpt\">Les meilleures excursions en jet ski \u00e0 Ibiza : explorez des criques secr\u00e8tes et des paysages uniques Parcourir Ibiza en jet ski est bien plus qu\u2019une activit\u00e9 nautique : c\u2019est une exp\u00e9rience de libert\u00e9, d\u2019aventure et de connexion avec l\u2019un des littoraux les plus spectaculaires de la M\u00e9diterran\u00e9e.\u2026 <a class=\"wp-block-latest-posts__read-more\" href=\"https:\/\/jetskifly.com\/fr\/les-meilleures-excursions-en-jet-ski-a-ibiza-explorez-des-criques-secretes-et-des-paysages-uniques\/\" rel=\"noopener noreferrer\">Lire la suite<span class=\"screen-reader-text\">\u00a0: Les meilleures excursions en jet ski \u00e0 Ibiza : explorez des criques secr\u00e8tes et des paysages uniques<\/span><\/a><\/div><\/li>\n<li><div class=\"wp-block-latest-posts__featured-image aligncenter\"><a href=\"https:\/\/jetskifly.com\/fr\/5-raisons-de-vivre-laventure-du-jet-ski-a-ibiza-guide-du-debutant-inclus\/\" aria-label=\"5 raisons de vivre l\u2019aventure du jet ski \u00e0 Ibiza (guide du d\u00e9butant inclus)\"><img loading=\"lazy\" decoding=\"async\" width=\"800\" height=\"534\" src=\"https:\/\/jetskifly.com\/wp-content\/uploads\/IMG_5973-1500x1002.jpeg\" class=\"attachment-large size-large wp-post-image\" alt=\"\" style=\"\" srcset=\"https:\/\/jetskifly.com\/wp-content\/uploads\/IMG_5973-1500x1002.jpeg 1500w, https:\/\/jetskifly.com\/wp-content\/uploads\/IMG_5973-600x401.jpeg 600w, https:\/\/jetskifly.com\/wp-content\/uploads\/IMG_5973-640x427.jpeg 640w, https:\/\/jetskifly.com\/wp-content\/uploads\/IMG_5973-768x513.jpeg 768w, https:\/\/jetskifly.com\/wp-content\/uploads\/IMG_5973-1536x1026.jpeg 1536w, https:\/\/jetskifly.com\/wp-content\/uploads\/IMG_5973.jpeg 1920w\" sizes=\"(max-width: 800px) 100vw, 800px\" \/><\/a><\/div><a class=\"wp-block-latest-posts__post-title\" href=\"https:\/\/jetskifly.com\/fr\/5-raisons-de-vivre-laventure-du-jet-ski-a-ibiza-guide-du-debutant-inclus\/\">5 raisons de vivre l\u2019aventure du jet ski \u00e0 Ibiza (guide du d\u00e9butant inclus)<\/a><div class=\"wp-block-latest-posts__post-excerpt\">Ibiza no es solo fiesta y m\u00fasica electr\u00f3nica. Esta joya del Mediterr\u00e1neo tambi\u00e9n ofrece aventuras emocionantes sobre el agua. Si est\u00e1s planeando tus vacaciones y buscas una experiencia \u00fanica, subirte a un jet ski en Ibiza es la forma perfecta de combinar adrenalina, paisajes y libertad. Aqu\u00ed te\u2026 <a class=\"wp-block-latest-posts__read-more\" href=\"https:\/\/jetskifly.com\/fr\/5-raisons-de-vivre-laventure-du-jet-ski-a-ibiza-guide-du-debutant-inclus\/\" rel=\"noopener noreferrer\">Lire la suite<span class=\"screen-reader-text\">\u00a0: 5 raisons de vivre l\u2019aventure du jet ski \u00e0 Ibiza (guide du d\u00e9butant inclus)<\/span><\/a><\/div><\/li>\n<\/ul>\n\n\n<p class=\"\/* Mejora visual del t\u00edtulo *\/ .blog a, .blog h2, .blog h3, .blog h4 {   color: #111 !important;   font-size: 24px !important;   font-weight: bold !important;   text-decoration: none !important;   line-height: 1.4;   display: block;   margin-bottom: 10px; }  \/* Texto del resumen *\/ .blog p {   font-size: 18px !important;   color: #333 !important;   line-height: 1.6;   margin-bottom: 20px; }  \/* Estilo para la caja del post *\/ .blog article, .blog .elementor-post, .blog .elementor-widget-container {   background: #fff;   padding: 25px;   border-radius: 12px;   box-shadow: 0 6px 20px rgba(0,0,0,0.05);   transition: all 0.3s ease-in-out;   max-width: 900px;   margin: 30px auto; }  \/* Imagen destacada *\/ .blog img {   max-width: 100%;   border-radius: 10px;   margin-bottom: 20px; }  \/* Hover atractivo *\/ .blog article:hover {   transform: translateY(-5px);   box-shadow: 0 12px 28px rgba(0,0,0,0.12); }\"><\/p>\n","protected":false},"excerpt":{"rendered":"","protected":false},"author":3,"featured_media":0,"parent":0,"menu_order":0,"comment_status":"closed","ping_status":"closed","template":"elementor_theme","meta":{"_acf_changed":false,"_joinchat":[],"footnotes":""},"class_list":["post-3230","page","type-page","status-publish","hentry"],"acf":[],"_links":{"self":[{"href":"https:\/\/jetskifly.com\/fr\/wp-json\/wp\/v2\/pages\/3230","targetHints":{"allow":["GET"]}}],"collection":[{"href":"https:\/\/jetskifly.com\/fr\/wp-json\/wp\/v2\/pages"}],"about":[{"href":"https:\/\/jetskifly.com\/fr\/wp-json\/wp\/v2\/types\/page"}],"author":[{"embeddable":true,"href":"https:\/\/jetskifly.com\/fr\/wp-json\/wp\/v2\/users\/3"}],"replies":[{"embeddable":true,"href":"https:\/\/jetskifly.com\/fr\/wp-json\/wp\/v2\/comments?post=3230"}],"version-history":[{"count":0,"href":"https:\/\/jetskifly.com\/fr\/wp-json\/wp\/v2\/pages\/3230\/revisions"}],"wp:attachment":[{"href":"https:\/\/jetskifly.com\/fr\/wp-json\/wp\/v2\/media?parent=3230"}],"curies":[{"name":"wp","href":"https:\/\/api.w.org\/{rel}","templated":true}]}}