{"id":3280,"date":"2025-04-13T11:05:06","date_gmt":"2025-04-13T09:05:06","guid":{"rendered":"https:\/\/jetskifly.com\/politique-de-cookies\/"},"modified":"2025-08-13T19:34:28","modified_gmt":"2025-08-13T17:34:28","slug":"politique-de-cookies","status":"publish","type":"page","link":"https:\/\/jetskifly.com\/fr\/politique-de-cookies\/","title":{"rendered":"Politique de cookies"},"content":{"rendered":"\t\t<div data-elementor-type=\"wp-page\" data-elementor-id=\"3280\" class=\"elementor elementor-3280 elementor-520\" data-elementor-post-type=\"page\">\n\t\t\t\t\t\t<section class=\"elementor-section elementor-top-section elementor-element elementor-element-524c055 elementor-section-boxed elementor-section-height-default elementor-section-height-default\" data-id=\"524c055\" data-element_type=\"section\" data-e-type=\"section\" data-settings=\"{&quot;background_background&quot;:&quot;gradient&quot;}\">\n\t\t\t\t\t\t\t<div class=\"elementor-background-overlay\"><\/div>\n\t\t\t\t\t\t\t<div class=\"elementor-container elementor-column-gap-no\">\n\t\t\t\t\t<div class=\"elementor-column elementor-col-100 elementor-top-column elementor-element elementor-element-64e1644\" data-id=\"64e1644\" data-element_type=\"column\" data-e-type=\"column\">\n\t\t\t<div class=\"elementor-widget-wrap elementor-element-populated\">\n\t\t\t\t\t\t<div class=\"elementor-element elementor-element-0269152 elementor-widget elementor-widget-heading\" data-id=\"0269152\" data-element_type=\"widget\" data-e-type=\"widget\" data-widget_type=\"heading.default\">\n\t\t\t\t<div class=\"elementor-widget-container\">\n\t\t\t\t\t<h1 class=\"elementor-heading-title elementor-size-default\">Politique de cookies<\/h1>\t\t\t\t<\/div>\n\t\t\t\t<\/div>\n\t\t\t\t\t<\/div>\n\t\t<\/div>\n\t\t\t\t\t<\/div>\n\t\t<\/section>\n\t\t<div class=\"elementor-element elementor-element-16951b9 e-flex e-con-boxed e-con e-parent\" data-id=\"16951b9\" data-element_type=\"container\" data-e-type=\"container\">\n\t\t\t\t\t<div class=\"e-con-inner\">\n\t\t\t\t<div class=\"elementor-element elementor-element-dfe013a elementor-widget elementor-widget-text-editor\" data-id=\"dfe013a\" data-element_type=\"widget\" data-e-type=\"widget\" data-widget_type=\"text-editor.default\">\n\t\t\t\t<div class=\"elementor-widget-container\">\n\t\t\t\t\t\t\t\t\t<p><\/p><h2 class=\"wp-block-heading\"> <\/h2><p> <\/p><h3 class=\"wp-block-heading\">Que sont les cookies ?<\/h3><p> <\/p><p>Les cookies sont de petits fichiers texte qui sont stock\u00e9s sur votre appareil (ordinateur, mobile ou tablette) lorsque vous visitez certains sites web. Sa fonction est de reconna\u00eetre l\u2019utilisateur, de stocker et de r\u00e9cup\u00e9rer des informations sur la navigation effectu\u00e9e \u00e0 partir de cet appareil. <\/p><p> <\/p><h3 class=\"wp-block-heading\">Quels types de cookies ce site utilise-t-il ?<\/h3><p> <\/p><p>Le <strong>site web jetskiibiza.com<\/strong> utilise les types de cookies suivants :<\/p><p> <\/p><h4 class=\"wp-block-heading\">1. Cookies techniques (n\u00e9cessaires)<\/h4><p> <\/p><p>Il s\u2019agit de cookies indispensables au fonctionnement du site web et \u00e0 la fourniture des services propos\u00e9s. Ils permettent, par exemple, la connexion ou le processus de r\u00e9servation. <\/p><p> <\/p><h4 class=\"wp-block-heading\">2. Cookies de personnalisation<\/h4><p> <\/p><p>Ils nous permettent de m\u00e9moriser vos pr\u00e9f\u00e9rences (langue, type de navigateur, param\u00e8tres r\u00e9gionaux, etc.) afin de vous offrir une meilleure exp\u00e9rience utilisateur.<\/p><p> <\/p><h4 class=\"wp-block-heading\">3. Cookies analytiques<\/h4><p> <\/p><p>Ces cookies nous permettent d\u2019obtenir des statistiques sur le comportement des utilisateurs sur le site web, afin d\u2019am\u00e9liorer notre contenu et nos services. Nous utilisons des outils tels que <strong>Google Analytics<\/strong>. <\/p><p> <\/p><h4 class=\"wp-block-heading\">4. Cookies publicitaires (facultatifs)<\/h4><p> <\/p><p>Si des services tels que Google Ads ou les m\u00e9dias sociaux sont utilis\u00e9s, ils peuvent installer des cookies qui collectent des informations pour afficher des annonces personnalis\u00e9es.<\/p><p> <\/p><h3 class=\"wp-block-heading\">Comment pouvez-vous g\u00e9rer les cookies ?<\/h3><p> <\/p><p>Vous pouvez autoriser, bloquer ou supprimer les cookies install\u00e9s sur votre appareil en configurant les options du navigateur que vous utilisez :<\/p><p> <\/p><ul class=\"wp-block-list\"><li><strong>Google Chrome<\/strong> : <a>Param\u00e8tres des cookies dans Chrome<\/a><\/li> <li><strong>Mozilla Firefox<\/strong> : <a class=\"\" href=\"https:\/\/support.mozilla.org\/es\/kb\/impedir-que-los-sitios-web-guarden-preferencias\">Param\u00e8tres des cookies dans Firefox<\/a><\/li> <li><strong>Safari<\/strong> : <a class=\"\" href=\"https:\/\/support.apple.com\/es-es\/guide\/safari\/sfri11471\/mac\">Param\u00e8tres des cookies dans Safari<\/a><\/li> <li><strong>Microsoft Edge<\/strong> : <a class=\"\" href=\"https:\/\/support.microsoft.com\/es-es\/help\/4027947\">Param\u00e8tres des cookies dans Edge<\/a><\/li><\/ul><p> <\/p><p>Veuillez noter que si vous bloquez ou supprimez les cookies, certaines fonctionnalit\u00e9s du site Web peuvent \u00eatre indisponibles ou ne pas fonctionner correctement.<\/p><p> <\/p><h3 class=\"wp-block-heading\">Cookies tiers<\/h3><p> <\/p><p>Ce site peut utiliser des services tiers qui installent des cookies hors de notre contr\u00f4le. Il s\u2019agit, par exemple, de liens vers des r\u00e9seaux sociaux ou d\u2019outils d\u2019analyse et de publicit\u00e9 externes. <\/p><p> <\/p><h3 class=\"wp-block-heading\">Modifications de la politique en mati\u00e8re de cookies<\/h3><p> <\/p><p><strong>jetskiibiza.com<\/strong> se r\u00e9serve le droit de modifier la pr\u00e9sente Politique en mati\u00e8re de Cookies afin de l\u2019adapter \u00e0 de nouvelles<\/p><p><\/p>\t\t\t\t\t\t\t\t<\/div>\n\t\t\t\t<\/div>\n\t\t\t\t\t<\/div>\n\t\t\t\t<\/div>\n\t\t\t\t<\/div>\n\t\t","protected":false},"excerpt":{"rendered":"<p>Que sont les cookies ? Les cookies sont de petits fichiers texte qui sont stock\u00e9s sur votre appareil (ordinateur, mobile ou tablette) lorsque vous visitez certains sites web. Sa fonction est de reconna\u00eetre l\u2019utilisateur, de stocker et de r\u00e9cup\u00e9rer des informations sur la navigation effectu\u00e9e \u00e0 partir de cet appareil. Quels types de cookies ce [&hellip;]<\/p>\n","protected":false},"author":1,"featured_media":0,"parent":0,"menu_order":0,"comment_status":"closed","ping_status":"closed","template":"elementor_header_footer","meta":{"_acf_changed":false,"_joinchat":[],"footnotes":""},"class_list":["post-3280","page","type-page","status-publish","hentry"],"acf":[],"_links":{"self":[{"href":"https:\/\/jetskifly.com\/fr\/wp-json\/wp\/v2\/pages\/3280","targetHints":{"allow":["GET"]}}],"collection":[{"href":"https:\/\/jetskifly.com\/fr\/wp-json\/wp\/v2\/pages"}],"about":[{"href":"https:\/\/jetskifly.com\/fr\/wp-json\/wp\/v2\/types\/page"}],"author":[{"embeddable":true,"href":"https:\/\/jetskifly.com\/fr\/wp-json\/wp\/v2\/users\/1"}],"replies":[{"embeddable":true,"href":"https:\/\/jetskifly.com\/fr\/wp-json\/wp\/v2\/comments?post=3280"}],"version-history":[{"count":0,"href":"https:\/\/jetskifly.com\/fr\/wp-json\/wp\/v2\/pages\/3280\/revisions"}],"wp:attachment":[{"href":"https:\/\/jetskifly.com\/fr\/wp-json\/wp\/v2\/media?parent=3280"}],"curies":[{"name":"wp","href":"https:\/\/api.w.org\/{rel}","templated":true}]}}