{"id":3525,"date":"2025-03-26T22:33:02","date_gmt":"2025-03-26T21:33:02","guid":{"rendered":"https:\/\/jetskifly.com\/politique-de-confidentialite\/"},"modified":"2025-08-13T19:37:18","modified_gmt":"2025-08-13T17:37:18","slug":"politique-de-confidentialite","status":"publish","type":"page","link":"https:\/\/jetskifly.com\/fr\/politique-de-confidentialite\/","title":{"rendered":"Politique de confidentialit\u00e9"},"content":{"rendered":"\t\t<div data-elementor-type=\"wp-page\" data-elementor-id=\"3525\" class=\"elementor elementor-3525 elementor-3\" data-elementor-post-type=\"page\">\n\t\t\t\t\t\t<section class=\"elementor-section elementor-top-section elementor-element elementor-element-2547fd3 elementor-section-boxed elementor-section-height-default elementor-section-height-default\" data-id=\"2547fd3\" data-element_type=\"section\" data-e-type=\"section\" data-settings=\"{&quot;background_background&quot;:&quot;gradient&quot;}\">\n\t\t\t\t\t\t\t<div class=\"elementor-background-overlay\"><\/div>\n\t\t\t\t\t\t\t<div class=\"elementor-container elementor-column-gap-no\">\n\t\t\t\t\t<div class=\"elementor-column elementor-col-100 elementor-top-column elementor-element elementor-element-b9776d1\" data-id=\"b9776d1\" data-element_type=\"column\" data-e-type=\"column\">\n\t\t\t<div class=\"elementor-widget-wrap elementor-element-populated\">\n\t\t\t\t\t\t<div class=\"elementor-element elementor-element-9c594f1 elementor-widget elementor-widget-heading\" data-id=\"9c594f1\" data-element_type=\"widget\" data-e-type=\"widget\" data-widget_type=\"heading.default\">\n\t\t\t\t<div class=\"elementor-widget-container\">\n\t\t\t\t\t<h1 class=\"elementor-heading-title elementor-size-default\">Politique de confidentialit\u00e9<\/h1>\t\t\t\t<\/div>\n\t\t\t\t<\/div>\n\t\t\t\t\t<\/div>\n\t\t<\/div>\n\t\t\t\t\t<\/div>\n\t\t<\/section>\n\t\t<div class=\"elementor-element elementor-element-337666f e-flex e-con-boxed e-con e-parent\" data-id=\"337666f\" data-element_type=\"container\" data-e-type=\"container\">\n\t\t\t\t\t<div class=\"e-con-inner\">\n\t\t\t\t<div class=\"elementor-element elementor-element-bab63b1 elementor-widget elementor-widget-text-editor\" data-id=\"bab63b1\" data-element_type=\"widget\" data-e-type=\"widget\" data-widget_type=\"text-editor.default\">\n\t\t\t\t<div class=\"elementor-widget-container\">\n\t\t\t\t\t\t\t\t\t<p>Conform\u00e9ment aux dispositions du R\u00e8glement (UE) 2016\/679 du Parlement europ\u00e9en et du Conseil (RGPD) et de la loi organique 3\/2018 relative \u00e0 la protection des donn\u00e9es \u00e0 caract\u00e8re personnel et \u00e0 la garantie des droits num\u00e9riques (LOPDGDD), nous informons <strong>jetskiibiza.com<\/strong> utilisateurs du traitement de leurs donn\u00e9es \u00e0 caract\u00e8re personnel.<\/p><h3 class=\"wp-block-heading\">1. Responsable de traitement<\/h3><ul class=\"wp-block-list\"><li><strong>Propri\u00e9taire<\/strong> : Arcangelo Moio<\/li><li><strong>Nom commercial<\/strong> : Jet Ski Fly Ibiza Rentals<\/li><li><strong>Adresse<\/strong> : C\/ Mare de Deu 41 1, 07800 Ibiza, \u00celes Bal\u00e9ares.<\/li><li><strong>NIF\/CIF<\/strong> : Y4085705E<\/li><li><strong>Courriel de contact<\/strong> : info@jetskifly.com<\/li><li><strong>T\u00e9l\u00e9phone<\/strong>&nbsp;: 640 984 277<\/li><\/ul><h3 class=\"wp-block-heading\">2. Finalit\u00e9 du traitement<\/h3><p>Les donn\u00e9es que nous collectons par le biais des formulaires de ce site web sont utilis\u00e9es aux fins suivantes :<\/p><ul class=\"wp-block-list\"><li>G\u00e9rer les demandes de r\u00e9servation de services (jetski, scooter, voitures, tours).<\/li><li>Pour r\u00e9pondre aux questions pos\u00e9es via les formulaires de contact ou par e-mail.<\/li><li>Envoyer des informations commerciales ou promotionnelles, dans le cas o\u00f9 l\u2019utilisateur y a express\u00e9ment consenti.<\/li><li>Pour am\u00e9liorer l\u2019exp\u00e9rience utilisateur et analyser l\u2019utilisation du site web (par le biais de cookies analytiques, voir la politique en mati\u00e8re de cookies).<\/li><\/ul><h3 class=\"wp-block-heading\">3. Qualit\u00e9 pour agir<\/h3><p>La base juridique du traitement de vos donn\u00e9es est :<\/p><ul class=\"wp-block-list\"><li><strong>Ex\u00e9cution d\u2019un contrat<\/strong> (gestion des r\u00e9servations).<\/li><li><strong>Le consentement de l\u2019utilisateur<\/strong>, qui est demand\u00e9 dans les formulaires.<\/li><li><strong>Int\u00e9r\u00eat l\u00e9gitime<\/strong>, pour am\u00e9liorer nos services et r\u00e9pondre aux demandes.<\/li><\/ul><h3 class=\"wp-block-heading\">4. Destinataires des donn\u00e9es<\/h3><p>Aucune donn\u00e9e ne sera c\u00e9d\u00e9e \u00e0 des tiers, sauf si la loi l\u2019exige ou si cela est n\u00e9cessaire pour la fourniture du service (par exemple, les soci\u00e9t\u00e9s collaboratrices en charge de la location ou de la gestion de v\u00e9hicules et d\u2019activit\u00e9s).<\/p><p>En cas d\u2019utilisation de services tiers pour l\u2019h\u00e9bergement web, l\u2019analyse ou l\u2019envoi de formulaires, ils agiront en tant que <strong>sous-traitants<\/strong> sous contrat conform\u00e9ment au RGPD.<\/p><h3 class=\"wp-block-heading\">5. Droits de l\u2019utilisateur<\/h3><p>En tant qu\u2019utilisateur, vous avez le droit de :<\/p><ul class=\"wp-block-list\"><li>Acc\u00e9der \u00e0 vos donn\u00e9es personnelles.<\/li><li>Demander la rectification ou la suppression.<\/li><li>Demander la limitation de son traitement.<\/li><li>S\u2019opposer au traitement.<\/li><li>Demander la portabilit\u00e9 de vos donn\u00e9es.<\/li><\/ul><p>Vous pouvez exercer ces droits en adressant une demande \u00e0 notre email de contact, en joignant une copie de votre pi\u00e8ce d\u2019identit\u00e9.<\/p><p>Vous pouvez \u00e9galement d\u00e9poser une plainte aupr\u00e8s de l\u2019Agence espagnole de protection des donn\u00e9es (<a class=\"\" href=\"http:\/\/www.aepd.es\">www.aepd.es<\/a>) si vous estimez que vos droits ont \u00e9t\u00e9 viol\u00e9s.<\/p><h3 class=\"wp-block-heading\">6. Conservation des donn\u00e9es<\/h3><p>Vos donn\u00e9es seront conserv\u00e9es pendant la dur\u00e9e de la relation commerciale ou pendant le temps n\u00e9cessaire au respect des obligations l\u00e9gales. Les donn\u00e9es utilis\u00e9es \u00e0 des fins commerciales seront conserv\u00e9es tant que leur suppression n\u2019est pas demand\u00e9e. <\/p><h3 class=\"wp-block-heading\">7. S\u00e9curit\u00e9<\/h3><p>Nous avons mis en \u0153uvre les mesures techniques et organisationnelles n\u00e9cessaires pour assurer la s\u00e9curit\u00e9 des donn\u00e9es personnelles et emp\u00eacher leur alt\u00e9ration, leur perte, leur traitement ou leur acc\u00e8s non autoris\u00e9.<\/p>\t\t\t\t\t\t\t\t<\/div>\n\t\t\t\t<\/div>\n\t\t\t\t\t<\/div>\n\t\t\t\t<\/div>\n\t\t\t\t<\/div>\n\t\t","protected":false},"excerpt":{"rendered":"<p>Conform\u00e9ment aux dispositions du R\u00e8glement (UE) 2016\/679 du Parlement europ\u00e9en et du Conseil (RGPD) et de la loi organique 3\/2018 relative \u00e0 la protection des donn\u00e9es \u00e0 caract\u00e8re personnel et \u00e0 la garantie des droits num\u00e9riques (LOPDGDD), nous informons jetskiibiza.com utilisateurs du traitement de leurs donn\u00e9es \u00e0 caract\u00e8re personnel. 1. Responsable de traitement Propri\u00e9taire : [&hellip;]<\/p>\n","protected":false},"author":1,"featured_media":0,"parent":0,"menu_order":0,"comment_status":"closed","ping_status":"closed","template":"elementor_header_footer","meta":{"_acf_changed":false,"_joinchat":[],"footnotes":""},"class_list":["post-3525","page","type-page","status-publish","hentry"],"acf":[],"_links":{"self":[{"href":"https:\/\/jetskifly.com\/fr\/wp-json\/wp\/v2\/pages\/3525","targetHints":{"allow":["GET"]}}],"collection":[{"href":"https:\/\/jetskifly.com\/fr\/wp-json\/wp\/v2\/pages"}],"about":[{"href":"https:\/\/jetskifly.com\/fr\/wp-json\/wp\/v2\/types\/page"}],"author":[{"embeddable":true,"href":"https:\/\/jetskifly.com\/fr\/wp-json\/wp\/v2\/users\/1"}],"replies":[{"embeddable":true,"href":"https:\/\/jetskifly.com\/fr\/wp-json\/wp\/v2\/comments?post=3525"}],"version-history":[{"count":0,"href":"https:\/\/jetskifly.com\/fr\/wp-json\/wp\/v2\/pages\/3525\/revisions"}],"wp:attachment":[{"href":"https:\/\/jetskifly.com\/fr\/wp-json\/wp\/v2\/media?parent=3525"}],"curies":[{"name":"wp","href":"https:\/\/api.w.org\/{rel}","templated":true}]}}