{"id":3396,"date":"2025-04-06T10:48:40","date_gmt":"2025-04-06T08:48:40","guid":{"rendered":"https:\/\/jetskifly.com\/producto\/excursion-en-jet-ski-au-depart-de-cala-llonga\/"},"modified":"2025-04-06T10:48:40","modified_gmt":"2025-04-06T08:48:40","slug":"excursion-en-jet-ski-au-depart-de-cala-llonga","status":"publish","type":"product","link":"https:\/\/jetskifly.com\/fr\/producto\/excursion-en-jet-ski-au-depart-de-cala-llonga\/","title":{"rendered":"Excursion en jet ski au d\u00e9part de Cala Llonga"},"content":{"rendered":"<p>Au cours de cette visite d\u2019une heure, vous traverserez de magnifiques coins de la c\u00f4te est d\u2019Ibiza, avec tout le temps n\u00e9cessaire pour acc\u00e9l\u00e9rer, profiter du paysage et ramener des souvenirs inoubliables.<\/p>\n<p>\ud83d\udcf8 Photos et vid\u00e9os incluses pour revivre l\u2019exp\u00e9rience quand vous le souhaitez ! Id\u00e9al pour les couples, les amis ou les aventuriers en solo. Vous n\u2019avez besoin d\u2019aucune exp\u00e9rience pr\u00e9alable, juste beaucoup d\u2019envie de profiter !  <\/p>\n<p>\ud83c\udf1e Cala Llonga vous attend&#8230; montez sur le jet ski et d\u00e9couvrez Ibiza depuis l\u2019eau !<\/p>\n<p>&nbsp;<\/p>\n<p>\ud83d\udea4 Dur\u00e9e : 1 heure<\/p>\n<p>\ud83d\udcb6 Prix : 190 \u20ac par moto (1 ou 2 personnes)<span class=\"Apple-converted-space\"> <\/span><\/p>\n","protected":false},"excerpt":{"rendered":"<p>D\u00e9couvrez la beaut\u00e9 de la c\u00f4te d\u2019Ibiza avec notre excursion guid\u00e9e en jet ski au d\u00e9part de Cala Llonga ! Une exp\u00e9rience unique pour les amoureux de la mer et de l\u2019aventure. <\/p>\n","protected":false},"featured_media":3412,"template":"","meta":{"_acf_changed":false,"_joinchat":[]},"product_brand":[],"product_cat":[85],"product_tag":[],"class_list":{"0":"post-3396","1":"product","2":"type-product","3":"status-publish","4":"has-post-thumbnail","6":"product_cat-excursions-en-jetski","8":"first","9":"instock","10":"sold-individually","11":"taxable","12":"shipping-taxable","13":"purchasable","14":"product-type-booking"},"acf":[],"_links":{"self":[{"href":"https:\/\/jetskifly.com\/fr\/wp-json\/wp\/v2\/product\/3396","targetHints":{"allow":["GET"]}}],"collection":[{"href":"https:\/\/jetskifly.com\/fr\/wp-json\/wp\/v2\/product"}],"about":[{"href":"https:\/\/jetskifly.com\/fr\/wp-json\/wp\/v2\/types\/product"}],"wp:featuredmedia":[{"embeddable":true,"href":"https:\/\/jetskifly.com\/fr\/wp-json\/wp\/v2\/media\/3412"}],"wp:attachment":[{"href":"https:\/\/jetskifly.com\/fr\/wp-json\/wp\/v2\/media?parent=3396"}],"wp:term":[{"taxonomy":"product_brand","embeddable":true,"href":"https:\/\/jetskifly.com\/fr\/wp-json\/wp\/v2\/product_brand?post=3396"},{"taxonomy":"product_cat","embeddable":true,"href":"https:\/\/jetskifly.com\/fr\/wp-json\/wp\/v2\/product_cat?post=3396"},{"taxonomy":"product_tag","embeddable":true,"href":"https:\/\/jetskifly.com\/fr\/wp-json\/wp\/v2\/product_tag?post=3396"}],"curies":[{"name":"wp","href":"https:\/\/api.w.org\/{rel}","templated":true}]}}