{"id":3414,"date":"2025-04-06T10:47:41","date_gmt":"2025-04-06T08:47:41","guid":{"rendered":"https:\/\/jetskifly.com\/producto\/excursion-en-jet-ski-a-playa-den-bossa\/"},"modified":"2025-04-06T10:47:41","modified_gmt":"2025-04-06T08:47:41","slug":"excursion-en-jet-ski-a-playa-den-bossa","status":"publish","type":"product","link":"https:\/\/jetskifly.com\/fr\/producto\/excursion-en-jet-ski-a-playa-den-bossa\/","title":{"rendered":"Excursion en jet ski \u00e0 Playa d\u2019en Bossa"},"content":{"rendered":"<p>Explorez les eaux cristallines d\u2019Ibiza, surfez sur les vagues et profitez des meilleures vues sur la c\u00f4te. Notre moniteur vous guidera pour vivre une aventure s\u00fbre, passionnante&#8230; et totalement inoubliable ! <\/p>\n<p>\ud83d\udcf8 De plus, vous recevrez des photos et des vid\u00e9os en cadeau pour vous souvenir de chaque instant ! Aucune exp\u00e9rience pr\u00e9alable n\u2019est requise. Je veux juste passer un bon moment.<\/p>\n<p>\ud83c\udf1e D\u00e9couvrez Ibiza depuis la mer comme jamais auparavant !<\/p>\n<p>&nbsp;<\/p>\n<p>\ud83d\udea4 Dur\u00e9e : 30 minutes<\/p>\n<p>\ud83d\udcb6 Prix : 120 \u20ac par moto (1 ou 2 personnes)<\/p>\n<p>&nbsp;<\/p>\n","protected":false},"excerpt":{"rendered":"<p>Ressentez l\u2019adr\u00e9naline et la libert\u00e9 de la mer M\u00e9diterran\u00e9e avec notre excursion exclusive en jetski \u00e0 Playa d\u2019en Bossa !<\/p>\n","protected":false},"featured_media":3424,"template":"","meta":{"_acf_changed":false,"_joinchat":[]},"product_brand":[],"product_cat":[85],"product_tag":[],"class_list":{"0":"post-3414","1":"product","2":"type-product","3":"status-publish","4":"has-post-thumbnail","6":"product_cat-excursions-en-jetski","8":"first","9":"instock","10":"sold-individually","11":"taxable","12":"shipping-taxable","13":"purchasable","14":"product-type-booking"},"acf":[],"_links":{"self":[{"href":"https:\/\/jetskifly.com\/fr\/wp-json\/wp\/v2\/product\/3414","targetHints":{"allow":["GET"]}}],"collection":[{"href":"https:\/\/jetskifly.com\/fr\/wp-json\/wp\/v2\/product"}],"about":[{"href":"https:\/\/jetskifly.com\/fr\/wp-json\/wp\/v2\/types\/product"}],"wp:featuredmedia":[{"embeddable":true,"href":"https:\/\/jetskifly.com\/fr\/wp-json\/wp\/v2\/media\/3424"}],"wp:attachment":[{"href":"https:\/\/jetskifly.com\/fr\/wp-json\/wp\/v2\/media?parent=3414"}],"wp:term":[{"taxonomy":"product_brand","embeddable":true,"href":"https:\/\/jetskifly.com\/fr\/wp-json\/wp\/v2\/product_brand?post=3414"},{"taxonomy":"product_cat","embeddable":true,"href":"https:\/\/jetskifly.com\/fr\/wp-json\/wp\/v2\/product_cat?post=3414"},{"taxonomy":"product_tag","embeddable":true,"href":"https:\/\/jetskifly.com\/fr\/wp-json\/wp\/v2\/product_tag?post=3414"}],"curies":[{"name":"wp","href":"https:\/\/api.w.org\/{rel}","templated":true}]}}