{"id":3415,"date":"2025-04-06T10:48:58","date_gmt":"2025-04-06T08:48:58","guid":{"rendered":"https:\/\/jetskifly.com\/producto\/excursion-en-jet-ski-sur-lile-de-tagomago\/"},"modified":"2025-04-06T10:48:58","modified_gmt":"2025-04-06T08:48:58","slug":"excursion-en-jet-ski-sur-lile-de-tagomago","status":"publish","type":"product","link":"https:\/\/jetskifly.com\/fr\/producto\/excursion-en-jet-ski-sur-lile-de-tagomago\/","title":{"rendered":"Excursion en jet ski sur l\u2019\u00eele de Tagomago"},"content":{"rendered":"<p>Naviguez librement dans la M\u00e9diterran\u00e9e, explorez les falaises, les criques cach\u00e9es et d\u00e9couvrez la c\u00e9l\u00e8bre \u00eele priv\u00e9e de Tagomago, connue pour sa beaut\u00e9 sauvage et ses vues spectaculaires.<\/p>\n<p>\ud83d\udcf8 Avec des photos et des vid\u00e9os incluses, vous emporterez un souvenir visuel de cette aventure unique. Aucune exp\u00e9rience pr\u00e9alable n\u2019est requise. Juste vous, la mer&#8230; et l\u2019excitation de vivre Ibiza sous un autre angle.  <\/p>\n<p>\ud83c\udf05 Id\u00e9al pour ceux qui recherchent quelque chose de plus exclusif.<\/p>\n<p>&nbsp;<\/p>\n<p>\ud83d\udea4 Dur\u00e9e&nbsp;: 2 heures<\/p>\n<p>\ud83d\udcb6 Prix : 360 \u20ac par moto (1 ou 2 personnes)<span class=\"Apple-converted-space\"> <\/span><\/p>\n","protected":false},"excerpt":{"rendered":"<p>Le joyau de nos circuits aquatiques ! Embarquez pour une exp\u00e9rience haut de gamme avec notre spectaculaire excursion en jet ski vers l\u2019\u00eele exclusive de Tagomagago. Une visite inoubliable \u00e0 travers les eaux les plus claires d\u2019Ibiza.  <span class=\"Apple-converted-space\"> <\/span><\/p>\n","protected":false},"featured_media":3418,"template":"","meta":{"_acf_changed":false,"_joinchat":[]},"product_brand":[],"product_cat":[85],"product_tag":[],"class_list":{"0":"post-3415","1":"product","2":"type-product","3":"status-publish","4":"has-post-thumbnail","6":"product_cat-excursions-en-jetski","8":"first","9":"instock","10":"sold-individually","11":"taxable","12":"shipping-taxable","13":"purchasable","14":"product-type-booking"},"acf":[],"_links":{"self":[{"href":"https:\/\/jetskifly.com\/fr\/wp-json\/wp\/v2\/product\/3415","targetHints":{"allow":["GET"]}}],"collection":[{"href":"https:\/\/jetskifly.com\/fr\/wp-json\/wp\/v2\/product"}],"about":[{"href":"https:\/\/jetskifly.com\/fr\/wp-json\/wp\/v2\/types\/product"}],"wp:featuredmedia":[{"embeddable":true,"href":"https:\/\/jetskifly.com\/fr\/wp-json\/wp\/v2\/media\/3418"}],"wp:attachment":[{"href":"https:\/\/jetskifly.com\/fr\/wp-json\/wp\/v2\/media?parent=3415"}],"wp:term":[{"taxonomy":"product_brand","embeddable":true,"href":"https:\/\/jetskifly.com\/fr\/wp-json\/wp\/v2\/product_brand?post=3415"},{"taxonomy":"product_cat","embeddable":true,"href":"https:\/\/jetskifly.com\/fr\/wp-json\/wp\/v2\/product_cat?post=3415"},{"taxonomy":"product_tag","embeddable":true,"href":"https:\/\/jetskifly.com\/fr\/wp-json\/wp\/v2\/product_tag?post=3415"}],"curies":[{"name":"wp","href":"https:\/\/api.w.org\/{rel}","templated":true}]}}