{"id":3426,"date":"2025-04-13T11:56:44","date_gmt":"2025-04-13T09:56:44","guid":{"rendered":"https:\/\/jetskifly.com\/producto\/symphonie-3\/"},"modified":"2025-04-13T11:56:44","modified_gmt":"2025-04-13T09:56:44","slug":"symphonie-3","status":"publish","type":"product","link":"https:\/\/jetskifly.com\/fr\/producto\/symphonie-3\/","title":{"rendered":"Symphonie 3"},"content":{"rendered":"<p><span class=\"relative -mx-px my-[-0.2rem] rounded px-px py-[0.2rem] transition-colors duration-100 ease-in-out\">Id\u00e9al pour les d\u00e9placements urbains, il se distingue par sa facilit\u00e9 de manipulation, sa faible consommation et son design fonctionnel.<\/span><span class=\"relative -mx-px my-[-0.2rem] rounded px-px py-[0.2rem] transition-colors duration-100 ease-in-out\">Des mod\u00e8les tels que le Symphony 125 ST LC int\u00e8grent un moteur Euro 5 \u00e0 4 soupapes, un \u00e9clairage LED, un port USB et un syst\u00e8me de freinage ABS.<\/span><\/p>\n","protected":false},"excerpt":{"rendered":"<p>Id\u00e9al pour les d\u00e9placements urbains, il se distingue par sa facilit\u00e9 de manipulation, sa faible consommation et son design fonctionnel.Des mod\u00e8les tels que le Symphony 125 ST LC int\u00e8grent un moteur Euro 5 \u00e0 4 soupapes, un \u00e9clairage LED, un port USB et un syst\u00e8me de freinage ABS.<\/p>\n","protected":false},"featured_media":3379,"template":"","meta":{"_acf_changed":false,"_joinchat":[]},"product_brand":[],"product_cat":[83],"product_tag":[],"class_list":{"0":"post-3426","1":"product","2":"type-product","3":"status-publish","4":"has-post-thumbnail","6":"product_cat-location-de-scooters-a-ibiza","8":"first","9":"instock","10":"taxable","11":"shipping-taxable","12":"product-type-redq_rental"},"acf":[],"_links":{"self":[{"href":"https:\/\/jetskifly.com\/fr\/wp-json\/wp\/v2\/product\/3426","targetHints":{"allow":["GET"]}}],"collection":[{"href":"https:\/\/jetskifly.com\/fr\/wp-json\/wp\/v2\/product"}],"about":[{"href":"https:\/\/jetskifly.com\/fr\/wp-json\/wp\/v2\/types\/product"}],"wp:featuredmedia":[{"embeddable":true,"href":"https:\/\/jetskifly.com\/fr\/wp-json\/wp\/v2\/media\/3379"}],"wp:attachment":[{"href":"https:\/\/jetskifly.com\/fr\/wp-json\/wp\/v2\/media?parent=3426"}],"wp:term":[{"taxonomy":"product_brand","embeddable":true,"href":"https:\/\/jetskifly.com\/fr\/wp-json\/wp\/v2\/product_brand?post=3426"},{"taxonomy":"product_cat","embeddable":true,"href":"https:\/\/jetskifly.com\/fr\/wp-json\/wp\/v2\/product_cat?post=3426"},{"taxonomy":"product_tag","embeddable":true,"href":"https:\/\/jetskifly.com\/fr\/wp-json\/wp\/v2\/product_tag?post=3426"}],"curies":[{"name":"wp","href":"https:\/\/api.w.org\/{rel}","templated":true}]}}