{"id":3436,"date":"2025-04-06T10:49:20","date_gmt":"2025-04-06T08:49:20","guid":{"rendered":"https:\/\/jetskifly.com\/producto\/excursion-en-jet-ski-a-formentera\/"},"modified":"2025-04-06T10:49:20","modified_gmt":"2025-04-06T08:49:20","slug":"excursion-en-jet-ski-a-formentera","status":"publish","type":"product","link":"https:\/\/jetskifly.com\/fr\/producto\/excursion-en-jet-ski-a-formentera\/","title":{"rendered":"Excursion en jet ski \u00e0 Formentera"},"content":{"rendered":"<p>Au cours de cette visite de pr\u00e8s de 3 heures, vous naviguerez sur la M\u00e9diterran\u00e9e d\u2019Ibiza \u00e0 Formentera, en vous arr\u00eatant dans des criques cach\u00e9es, des eaux turquoises et des endroits parfaits pour des photos spectaculaires.<\/p>\n<p>\ud83d\udcf8 Vous obtenez des images professionnelles de cette exp\u00e9rience \u00e9pique. Vous n\u2019avez besoin d\u2019aucune exp\u00e9rience pr\u00e9alable. Juste vouloir d\u00e9couvrir l\u2019un des endroits les plus beaux et les plus magiques de la M\u00e9diterran\u00e9e&#8230; depuis la mer et avec un maximum de libert\u00e9&nbsp;!  <\/p>\n<p>\ud83c\udf34 Formentera vous attend. Faites l\u2019exp\u00e9rience de l\u2019excursion en jet ski la plus exclusive d\u2019Ibiza. <\/p>\n<p>&nbsp;<\/p>\n<p>\ud83d\udea4 Dur\u00e9e : 2 heures et 30 minutes<\/p>\n<p>\ud83d\udcb6 Prix : 500 \u20ac par moto (1 ou 2 personnes)<span class=\"Apple-converted-space\"> <\/span><\/p>\n","protected":false},"excerpt":{"rendered":"<p>L\u2019aventure ultime sur la mer ! Vivez une exp\u00e9rience inoubliable avec notre excursion exclusive en jet ski sur l\u2019\u00eele paradisiaque de Formentera. Une visite de r\u00eave id\u00e9ale pour ceux qui recherchent la nature, l\u2019excitation et les paysages cin\u00e9matographiques.  <span class=\"Apple-converted-space\"> <\/span><\/p>\n","protected":false},"featured_media":3438,"template":"","meta":{"_acf_changed":false,"_joinchat":[]},"product_brand":[],"product_cat":[85],"product_tag":[],"class_list":{"0":"post-3436","1":"product","2":"type-product","3":"status-publish","4":"has-post-thumbnail","6":"product_cat-excursions-en-jetski","8":"first","9":"instock","10":"sold-individually","11":"taxable","12":"shipping-taxable","13":"purchasable","14":"product-type-booking"},"acf":[],"_links":{"self":[{"href":"https:\/\/jetskifly.com\/fr\/wp-json\/wp\/v2\/product\/3436","targetHints":{"allow":["GET"]}}],"collection":[{"href":"https:\/\/jetskifly.com\/fr\/wp-json\/wp\/v2\/product"}],"about":[{"href":"https:\/\/jetskifly.com\/fr\/wp-json\/wp\/v2\/types\/product"}],"wp:featuredmedia":[{"embeddable":true,"href":"https:\/\/jetskifly.com\/fr\/wp-json\/wp\/v2\/media\/3438"}],"wp:attachment":[{"href":"https:\/\/jetskifly.com\/fr\/wp-json\/wp\/v2\/media?parent=3436"}],"wp:term":[{"taxonomy":"product_brand","embeddable":true,"href":"https:\/\/jetskifly.com\/fr\/wp-json\/wp\/v2\/product_brand?post=3436"},{"taxonomy":"product_cat","embeddable":true,"href":"https:\/\/jetskifly.com\/fr\/wp-json\/wp\/v2\/product_cat?post=3436"},{"taxonomy":"product_tag","embeddable":true,"href":"https:\/\/jetskifly.com\/fr\/wp-json\/wp\/v2\/product_tag?post=3436"}],"curies":[{"name":"wp","href":"https:\/\/api.w.org\/{rel}","templated":true}]}}