{"id":3468,"date":"2025-04-06T10:46:14","date_gmt":"2025-04-06T08:46:14","guid":{"rendered":"https:\/\/jetskifly.com\/producto\/yamaha-fx-cruiser-svho-300cv\/"},"modified":"2025-04-06T10:46:14","modified_gmt":"2025-04-06T08:46:14","slug":"yamaha-fx-cruiser-svho-300cv","status":"publish","type":"product","link":"https:\/\/jetskifly.com\/fr\/producto\/yamaha-fx-cruiser-svho-300cv\/","title":{"rendered":"Yamaha FX Cruiser SVHO 300cv"},"content":{"rendered":"<p class=\"p1\">Le Yamaha FX Cruiser SVHO 2025, dans sa spectaculaire finition noire et or, allie \u00e9l\u00e9gance, puissance et confort.<\/p>\n<p class=\"p1\">\u00c9quip\u00e9 de son moteur suraliment\u00e9 Super Vortex High Output (SVHO), il offre une acc\u00e9l\u00e9ration incroyable et une maniabilit\u00e9 en douceur, m\u00eame dans les eaux agit\u00e9es.<\/p>\n<p class=\"p1\">Son design ergonomique, son si\u00e8ge confortable pour les longs trajets et sa technologie de pointe en font le choix id\u00e9al pour profiter d\u2019Ibiza avec style et adr\u00e9naline.<\/p>\n<p class=\"p1\">Montez \u00e0 bord et vivez l\u2019exp\u00e9rience !<\/p>\n","protected":false},"excerpt":{"rendered":"<p>Le Yamaha FX Cruiser SVHO 2025, dans sa spectaculaire finition noire et or, allie \u00e9l\u00e9gance, puissance et confort. \u00c9quip\u00e9 de son moteur suraliment\u00e9 Super Vortex High Output (SVHO), il offre une acc\u00e9l\u00e9ration incroyable et une maniabilit\u00e9 en douceur, m\u00eame dans les eaux agit\u00e9es. Son design ergonomique, son si\u00e8ge confortable pour les longs trajets et sa [&hellip;]<\/p>\n","protected":false},"featured_media":3470,"template":"","meta":{"_acf_changed":false,"_joinchat":[]},"product_brand":[],"product_cat":[86],"product_tag":[],"class_list":{"0":"post-3468","1":"product","2":"type-product","3":"status-publish","4":"has-post-thumbnail","6":"product_cat-jetski-fr","8":"first","9":"instock","10":"sold-individually","11":"taxable","12":"shipping-taxable","13":"purchasable","14":"product-type-booking"},"acf":[],"_links":{"self":[{"href":"https:\/\/jetskifly.com\/fr\/wp-json\/wp\/v2\/product\/3468","targetHints":{"allow":["GET"]}}],"collection":[{"href":"https:\/\/jetskifly.com\/fr\/wp-json\/wp\/v2\/product"}],"about":[{"href":"https:\/\/jetskifly.com\/fr\/wp-json\/wp\/v2\/types\/product"}],"wp:featuredmedia":[{"embeddable":true,"href":"https:\/\/jetskifly.com\/fr\/wp-json\/wp\/v2\/media\/3470"}],"wp:attachment":[{"href":"https:\/\/jetskifly.com\/fr\/wp-json\/wp\/v2\/media?parent=3468"}],"wp:term":[{"taxonomy":"product_brand","embeddable":true,"href":"https:\/\/jetskifly.com\/fr\/wp-json\/wp\/v2\/product_brand?post=3468"},{"taxonomy":"product_cat","embeddable":true,"href":"https:\/\/jetskifly.com\/fr\/wp-json\/wp\/v2\/product_cat?post=3468"},{"taxonomy":"product_tag","embeddable":true,"href":"https:\/\/jetskifly.com\/fr\/wp-json\/wp\/v2\/product_tag?post=3468"}],"curies":[{"name":"wp","href":"https:\/\/api.w.org\/{rel}","templated":true}]}}