{"id":3469,"date":"2025-04-06T10:45:54","date_gmt":"2025-04-06T08:45:54","guid":{"rendered":"https:\/\/jetskifly.com\/producto\/yamaha-fx-cruiser-svho-300cv-2\/"},"modified":"2025-04-06T10:45:54","modified_gmt":"2025-04-06T08:45:54","slug":"yamaha-fx-cruiser-svho-300cv-2","status":"publish","type":"product","link":"https:\/\/jetskifly.com\/fr\/producto\/yamaha-fx-cruiser-svho-300cv-2\/","title":{"rendered":"Yamaha FX Cruiser SVHO 300cv"},"content":{"rendered":"<p class=\"p1\">Le Yahama FX Cruiser SVHO 300 ch, dans son \u00e9l\u00e9gant design tout noir, combine 300 ch de puissance pure avec un confort exceptionnel.<\/p>\n<p class=\"p1\">Son moteur SVHO suraliment\u00e9 offre des performances spectaculaires, tandis que son si\u00e8ge ergonomique et sa technologie de pointe garantissent une exp\u00e9rience unique.<\/p>\n<p class=\"p1\">Id\u00e9al pour ceux qui recherchent vitesse, contr\u00f4le et style dans les eaux d\u2019Ibiza. Vous pouvez \u00e9galement profiter de la navigation avec votre chanson pr\u00e9f\u00e9r\u00e9e. <\/p>\n<p class=\"p1\">Montez \u00e0 bord et ressentez l\u2019adr\u00e9naline !<\/p>\n","protected":false},"excerpt":{"rendered":"<p>Le Yahama FX Cruiser SVHO 300 ch, dans son \u00e9l\u00e9gant design tout noir, combine 300 ch de puissance pure avec un confort exceptionnel. Son moteur SVHO suraliment\u00e9 offre des performances spectaculaires, tandis que son si\u00e8ge ergonomique et sa technologie de pointe garantissent une exp\u00e9rience unique. Id\u00e9al pour ceux qui recherchent vitesse, contr\u00f4le et style dans [&hellip;]<\/p>\n","protected":false},"featured_media":3472,"template":"","meta":{"_acf_changed":false,"_joinchat":[]},"product_brand":[],"product_cat":[86],"product_tag":[],"class_list":{"0":"post-3469","1":"product","2":"type-product","3":"status-publish","4":"has-post-thumbnail","6":"product_cat-jetski-fr","8":"first","9":"instock","10":"sold-individually","11":"taxable","12":"shipping-taxable","13":"purchasable","14":"product-type-booking"},"acf":[],"_links":{"self":[{"href":"https:\/\/jetskifly.com\/fr\/wp-json\/wp\/v2\/product\/3469","targetHints":{"allow":["GET"]}}],"collection":[{"href":"https:\/\/jetskifly.com\/fr\/wp-json\/wp\/v2\/product"}],"about":[{"href":"https:\/\/jetskifly.com\/fr\/wp-json\/wp\/v2\/types\/product"}],"wp:featuredmedia":[{"embeddable":true,"href":"https:\/\/jetskifly.com\/fr\/wp-json\/wp\/v2\/media\/3472"}],"wp:attachment":[{"href":"https:\/\/jetskifly.com\/fr\/wp-json\/wp\/v2\/media?parent=3469"}],"wp:term":[{"taxonomy":"product_brand","embeddable":true,"href":"https:\/\/jetskifly.com\/fr\/wp-json\/wp\/v2\/product_brand?post=3469"},{"taxonomy":"product_cat","embeddable":true,"href":"https:\/\/jetskifly.com\/fr\/wp-json\/wp\/v2\/product_cat?post=3469"},{"taxonomy":"product_tag","embeddable":true,"href":"https:\/\/jetskifly.com\/fr\/wp-json\/wp\/v2\/product_tag?post=3469"}],"curies":[{"name":"wp","href":"https:\/\/api.w.org\/{rel}","templated":true}]}}