{"id":3474,"date":"2025-04-06T10:47:15","date_gmt":"2025-04-06T08:47:15","guid":{"rendered":"https:\/\/jetskifly.com\/producto\/yamaha-fx-cruiser-svho-300cv-3\/"},"modified":"2025-04-06T10:47:15","modified_gmt":"2025-04-06T08:47:15","slug":"yamaha-fx-cruiser-svho-300cv-3","status":"publish","type":"product","link":"https:\/\/jetskifly.com\/fr\/producto\/yamaha-fx-cruiser-svho-300cv-3\/","title":{"rendered":"Yamaha FX Cruiser SVHO 300cv"},"content":{"rendered":"<p class=\"p1\">Le Yamaha FX Cruiser SVHO 300 ch dans un superbe rouge vif est la combinaison parfaite de puissance, de confort et de style. Avec son moteur suraliment\u00e9 de 300 ch, il offre une vitesse incroyable et un contr\u00f4le total sur les eaux d\u2019Ibiza. <\/p>\n<p class=\"p1\">L\u2019une de ses caract\u00e9ristiques les plus remarquables est son syst\u00e8me de suspension int\u00e9gr\u00e9 au si\u00e8ge, qui r\u00e9duit l\u2019impact des vagues et offre une conduite plus douce et plus confortable, m\u00eame sur les longs trajets. De plus, vous pouvez brancher votre musique et profiter d\u2019une balade encore plus amusante. <\/p>\n<p class=\"p1\">Si vous \u00eates \u00e0 la recherche de quelque chose d\u2019unique, de rapide et de confortable pour explorer Ibiza, ce jet ski est fait pour vous.<\/p>\n<p class=\"p1\">Faites-en le v\u00f4tre et vivez l\u2019aventure !<\/p>\n","protected":false},"excerpt":{"rendered":"<p>Le Yamaha FX Cruiser SVHO 300 ch dans un superbe rouge vif est la combinaison parfaite de puissance, de confort et de style. Avec son moteur suraliment\u00e9 de 300 ch, il offre une vitesse incroyable et un contr\u00f4le total sur les eaux d\u2019Ibiza. L\u2019une de ses caract\u00e9ristiques les plus remarquables est son syst\u00e8me de suspension [&hellip;]<\/p>\n","protected":false},"featured_media":3475,"template":"","meta":{"_acf_changed":false,"_joinchat":[]},"product_brand":[],"product_cat":[86],"product_tag":[],"class_list":{"0":"post-3474","1":"product","2":"type-product","3":"status-publish","4":"has-post-thumbnail","6":"product_cat-jetski-fr","8":"first","9":"instock","10":"sold-individually","11":"taxable","12":"shipping-taxable","13":"purchasable","14":"product-type-booking"},"acf":[],"_links":{"self":[{"href":"https:\/\/jetskifly.com\/fr\/wp-json\/wp\/v2\/product\/3474","targetHints":{"allow":["GET"]}}],"collection":[{"href":"https:\/\/jetskifly.com\/fr\/wp-json\/wp\/v2\/product"}],"about":[{"href":"https:\/\/jetskifly.com\/fr\/wp-json\/wp\/v2\/types\/product"}],"wp:featuredmedia":[{"embeddable":true,"href":"https:\/\/jetskifly.com\/fr\/wp-json\/wp\/v2\/media\/3475"}],"wp:attachment":[{"href":"https:\/\/jetskifly.com\/fr\/wp-json\/wp\/v2\/media?parent=3474"}],"wp:term":[{"taxonomy":"product_brand","embeddable":true,"href":"https:\/\/jetskifly.com\/fr\/wp-json\/wp\/v2\/product_brand?post=3474"},{"taxonomy":"product_cat","embeddable":true,"href":"https:\/\/jetskifly.com\/fr\/wp-json\/wp\/v2\/product_cat?post=3474"},{"taxonomy":"product_tag","embeddable":true,"href":"https:\/\/jetskifly.com\/fr\/wp-json\/wp\/v2\/product_tag?post=3474"}],"curies":[{"name":"wp","href":"https:\/\/api.w.org\/{rel}","templated":true}]}}