{"id":3479,"date":"2025-04-06T10:45:33","date_gmt":"2025-04-06T08:45:33","guid":{"rendered":"https:\/\/jetskifly.com\/producto\/yamaha-fx-cruiser-svho-300cv-4\/"},"modified":"2025-04-06T10:45:33","modified_gmt":"2025-04-06T08:45:33","slug":"yamaha-fx-cruiser-svho-300cv-4","status":"publish","type":"product","link":"https:\/\/jetskifly.com\/fr\/producto\/yamaha-fx-cruiser-svho-300cv-4\/","title":{"rendered":"Yamaha FX Cruiser SVHO 300cv"},"content":{"rendered":"<p class=\"p1\">Le Yahama FX Cruiser SVHO 300 ch en noir et jaune est un jet ski con\u00e7u pour ceux qui recherchent des performances \u00e9lev\u00e9es et un confort in\u00e9gal\u00e9. Equip\u00e9 de son moteur surcharg\u00e9 de 300 cv, il vous garantit une exp\u00e9rience de navigation rapide et stable dans toutes les conditions. <\/p>\n<p class=\"p1\">Ce qui se d\u00e9marque vraiment de ce mod\u00e8le, c\u2019est son syst\u00e8me de suspension haute performance, qui att\u00e9nue les impacts des vagues en vous offrant une conduite beaucoup plus confortable, m\u00eame lors de longs trajets. Vous pouvez connecter votre musique \u00e0 bord et profiter d\u2019un son incroyable qui vous accompagne dans votre navigation. <\/p>\n<p class=\"p1\">Faites de chaque visite une exp\u00e9rience inoubliable !<\/p>\n","protected":false},"excerpt":{"rendered":"<p>Le Yahama FX Cruiser SVHO 300 ch en noir et jaune est un jet ski con\u00e7u pour ceux qui recherchent des performances \u00e9lev\u00e9es et un confort in\u00e9gal\u00e9. Equip\u00e9 de son moteur surcharg\u00e9 de 300 cv, il vous garantit une exp\u00e9rience de navigation rapide et stable dans toutes les conditions. Ce qui se d\u00e9marque vraiment de [&hellip;]<\/p>\n","protected":false},"featured_media":3483,"template":"","meta":{"_acf_changed":false,"_joinchat":[]},"product_brand":[],"product_cat":[86],"product_tag":[],"class_list":{"0":"post-3479","1":"product","2":"type-product","3":"status-publish","4":"has-post-thumbnail","6":"product_cat-jetski-fr","8":"first","9":"instock","10":"sold-individually","11":"taxable","12":"shipping-taxable","13":"purchasable","14":"product-type-booking"},"acf":[],"_links":{"self":[{"href":"https:\/\/jetskifly.com\/fr\/wp-json\/wp\/v2\/product\/3479","targetHints":{"allow":["GET"]}}],"collection":[{"href":"https:\/\/jetskifly.com\/fr\/wp-json\/wp\/v2\/product"}],"about":[{"href":"https:\/\/jetskifly.com\/fr\/wp-json\/wp\/v2\/types\/product"}],"wp:featuredmedia":[{"embeddable":true,"href":"https:\/\/jetskifly.com\/fr\/wp-json\/wp\/v2\/media\/3483"}],"wp:attachment":[{"href":"https:\/\/jetskifly.com\/fr\/wp-json\/wp\/v2\/media?parent=3479"}],"wp:term":[{"taxonomy":"product_brand","embeddable":true,"href":"https:\/\/jetskifly.com\/fr\/wp-json\/wp\/v2\/product_brand?post=3479"},{"taxonomy":"product_cat","embeddable":true,"href":"https:\/\/jetskifly.com\/fr\/wp-json\/wp\/v2\/product_cat?post=3479"},{"taxonomy":"product_tag","embeddable":true,"href":"https:\/\/jetskifly.com\/fr\/wp-json\/wp\/v2\/product_tag?post=3479"}],"curies":[{"name":"wp","href":"https:\/\/api.w.org\/{rel}","templated":true}]}}