{"id":3480,"date":"2025-04-06T10:44:57","date_gmt":"2025-04-06T08:44:57","guid":{"rendered":"https:\/\/jetskifly.com\/producto\/sea-doo-rxp-300hp\/"},"modified":"2025-04-06T10:44:57","modified_gmt":"2025-04-06T08:44:57","slug":"sea-doo-rxp-300hp","status":"publish","type":"product","link":"https:\/\/jetskifly.com\/fr\/producto\/sea-doo-rxp-300hp\/","title":{"rendered":"Sea-Doo RXP 300hp"},"content":{"rendered":"<p class=\"p1\">Puissant, agressif et tout noir, le Sea-Doo RXP 300 ch est la machine ultime pour les amateurs de vitesse. Avec son moteur <\/p>\n<p class=\"p1\">Le Rotax 1630 ACE de 300 ch, vous lance sur l\u2019eau avec une acc\u00e9l\u00e9ration brutale. Son design et sa coque l\u00e9g\u00e8re assurent un contr\u00f4le maximal dans chaque virage. <\/p>\n<p class=\"p1\">Si vous \u00eates \u00e0 la recherche d\u2019une exp\u00e9rience extr\u00eame \u00e0 Ibiza, cette b\u00eate est pr\u00eate \u00e0 l\u2019action. Ressentez la puissance et dominez les vagues ! <\/p>\n","protected":false},"excerpt":{"rendered":"<p>Puissant, agressif et tout noir, le Sea-Doo RXP 300 ch est la machine ultime pour les amateurs de vitesse. Avec son moteur Le Rotax 1630 ACE de 300 ch, vous lance sur l\u2019eau avec une acc\u00e9l\u00e9ration brutale. Son design et sa coque l\u00e9g\u00e8re assurent un contr\u00f4le maximal dans chaque virage. Si vous \u00eates \u00e0 la [&hellip;]<\/p>\n","protected":false},"featured_media":3484,"template":"","meta":{"_acf_changed":false,"_joinchat":[]},"product_brand":[],"product_cat":[86],"product_tag":[],"class_list":{"0":"post-3480","1":"product","2":"type-product","3":"status-publish","4":"has-post-thumbnail","6":"product_cat-jetski-fr","8":"first","9":"instock","10":"sold-individually","11":"taxable","12":"shipping-taxable","13":"purchasable","14":"product-type-booking"},"acf":[],"_links":{"self":[{"href":"https:\/\/jetskifly.com\/fr\/wp-json\/wp\/v2\/product\/3480","targetHints":{"allow":["GET"]}}],"collection":[{"href":"https:\/\/jetskifly.com\/fr\/wp-json\/wp\/v2\/product"}],"about":[{"href":"https:\/\/jetskifly.com\/fr\/wp-json\/wp\/v2\/types\/product"}],"wp:featuredmedia":[{"embeddable":true,"href":"https:\/\/jetskifly.com\/fr\/wp-json\/wp\/v2\/media\/3484"}],"wp:attachment":[{"href":"https:\/\/jetskifly.com\/fr\/wp-json\/wp\/v2\/media?parent=3480"}],"wp:term":[{"taxonomy":"product_brand","embeddable":true,"href":"https:\/\/jetskifly.com\/fr\/wp-json\/wp\/v2\/product_brand?post=3480"},{"taxonomy":"product_cat","embeddable":true,"href":"https:\/\/jetskifly.com\/fr\/wp-json\/wp\/v2\/product_cat?post=3480"},{"taxonomy":"product_tag","embeddable":true,"href":"https:\/\/jetskifly.com\/fr\/wp-json\/wp\/v2\/product_tag?post=3480"}],"curies":[{"name":"wp","href":"https:\/\/api.w.org\/{rel}","templated":true}]}}