{"id":3488,"date":"2025-04-06T10:44:20","date_gmt":"2025-04-06T08:44:20","guid":{"rendered":"https:\/\/jetskifly.com\/producto\/sea-doo-gtx-230ch\/"},"modified":"2025-04-06T10:44:20","modified_gmt":"2025-04-06T08:44:20","slug":"sea-doo-gtx-230ch","status":"publish","type":"product","link":"https:\/\/jetskifly.com\/fr\/producto\/sea-doo-gtx-230ch\/","title":{"rendered":"Sea-Doo GTX 230ch"},"content":{"rendered":"<p class=\"p1\">La Sea-Doo GTX 230CV est la performance et le confort \u00e0 l\u2019\u00e9tat pur. Avec son moteur de 230 ch, ses acc\u00e9l\u00e9rations brutales et sa stabilit\u00e9, il est parfait pour explorer les eaux d\u2019Ibiza \u00e0 toute vitesse ou se d\u00e9tendre sur sa large plateforme. <\/p>\n<p class=\"p1\">De plus, son syst\u00e8me de freinage et de marche arri\u00e8re (iBR) vous offre plus de contr\u00f4le et de s\u00e9curit\u00e9. Le meilleur? <\/p>\n<p class=\"p1\">Vous pouvez ajouter de la musique pour rendre l\u2019exp\u00e9rience encore plus \u00e9pique. Montez \u00e0 bord et profitez-en&nbsp;! <\/p>\n","protected":false},"excerpt":{"rendered":"<p>La Sea-Doo GTX 230CV est la performance et le confort \u00e0 l\u2019\u00e9tat pur. Avec son moteur de 230 ch, ses acc\u00e9l\u00e9rations brutales et sa stabilit\u00e9, il est parfait pour explorer les eaux d\u2019Ibiza \u00e0 toute vitesse ou se d\u00e9tendre sur sa large plateforme. De plus, son syst\u00e8me de freinage et de marche arri\u00e8re (iBR) vous [&hellip;]<\/p>\n","protected":false},"featured_media":3490,"template":"","meta":{"_acf_changed":false,"_joinchat":[]},"product_brand":[],"product_cat":[86],"product_tag":[],"class_list":{"0":"post-3488","1":"product","2":"type-product","3":"status-publish","4":"has-post-thumbnail","6":"product_cat-jetski-fr","8":"first","9":"instock","10":"sold-individually","11":"taxable","12":"shipping-taxable","13":"purchasable","14":"product-type-booking"},"acf":[],"_links":{"self":[{"href":"https:\/\/jetskifly.com\/fr\/wp-json\/wp\/v2\/product\/3488","targetHints":{"allow":["GET"]}}],"collection":[{"href":"https:\/\/jetskifly.com\/fr\/wp-json\/wp\/v2\/product"}],"about":[{"href":"https:\/\/jetskifly.com\/fr\/wp-json\/wp\/v2\/types\/product"}],"wp:featuredmedia":[{"embeddable":true,"href":"https:\/\/jetskifly.com\/fr\/wp-json\/wp\/v2\/media\/3490"}],"wp:attachment":[{"href":"https:\/\/jetskifly.com\/fr\/wp-json\/wp\/v2\/media?parent=3488"}],"wp:term":[{"taxonomy":"product_brand","embeddable":true,"href":"https:\/\/jetskifly.com\/fr\/wp-json\/wp\/v2\/product_brand?post=3488"},{"taxonomy":"product_cat","embeddable":true,"href":"https:\/\/jetskifly.com\/fr\/wp-json\/wp\/v2\/product_cat?post=3488"},{"taxonomy":"product_tag","embeddable":true,"href":"https:\/\/jetskifly.com\/fr\/wp-json\/wp\/v2\/product_tag?post=3488"}],"curies":[{"name":"wp","href":"https:\/\/api.w.org\/{rel}","templated":true}]}}