{"id":3505,"date":"2025-04-06T10:41:29","date_gmt":"2025-04-06T08:41:29","guid":{"rendered":"https:\/\/jetskifly.com\/producto\/intelligent-ou-similaire\/"},"modified":"2025-04-06T10:41:29","modified_gmt":"2025-04-06T08:41:29","slug":"intelligent-ou-similaire","status":"publish","type":"product","link":"https:\/\/jetskifly.com\/fr\/producto\/intelligent-ou-similaire\/","title":{"rendered":"Intelligent (ou similaire)"},"content":{"rendered":"<p data-start=\"296\" data-end=\"579\">D\u00e9couvrez l\u2019\u00e9quilibre parfait entre design urbain, efficacit\u00e9 et technologie avec la voiture <strong data-start=\"386\" data-end=\"395\">Smart<\/strong>. Compact \u00e0 l\u2019ext\u00e9rieur, \u00e9tonnamment spacieux \u00e0 l\u2019int\u00e9rieur, ce v\u00e9hicule embl\u00e9matique est la solution id\u00e9ale pour se d\u00e9placer avec agilit\u00e9 en ville, sans sacrifier le confort ou le style. <\/p>\n<p data-start=\"581\" data-end=\"810\">Avec sa petite taille, le garer est aussi simple que de le conduire. De plus, son moteur efficace \u2013 disponible en version \u00e9lectrique \u2013 en fait une option \u00e9cologique et \u00e9conomique pour ceux qui appr\u00e9cient la mobilit\u00e9 intelligente. <\/p>\n<p data-start=\"812\" data-end=\"1001\">Qu\u2019il s\u2019agisse de faire du tourisme, d\u2019effectuer des transferts d\u2019affaires ou simplement de profiter d\u2019une balade amusante et pratique, la <strong data-start=\"940\" data-end=\"949\">Smart<\/strong> s\u2019adapte \u00e0 votre mode de vie moderne et durable.<\/p>\n","protected":false},"excerpt":{"rendered":"<p>D\u00e9couvrez l\u2019\u00e9quilibre parfait entre design urbain, efficacit\u00e9 et technologie avec la voiture Smart. Compact \u00e0 l\u2019ext\u00e9rieur, \u00e9tonnamment spacieux \u00e0 l\u2019int\u00e9rieur, ce v\u00e9hicule embl\u00e9matique est la solution id\u00e9ale pour se d\u00e9placer avec agilit\u00e9 en ville, sans sacrifier le confort ou le style. Avec sa petite taille, le garer est aussi simple que de le conduire. De [&hellip;]<\/p>\n","protected":false},"featured_media":3507,"template":"","meta":{"_acf_changed":false,"_joinchat":[]},"product_brand":[],"product_cat":[89],"product_tag":[],"class_list":{"0":"post-3505","1":"product","2":"type-product","3":"status-publish","4":"has-post-thumbnail","6":"product_cat-voitures","8":"first","9":"instock","10":"taxable","11":"shipping-taxable","12":"product-type-redq_rental"},"acf":[],"_links":{"self":[{"href":"https:\/\/jetskifly.com\/fr\/wp-json\/wp\/v2\/product\/3505","targetHints":{"allow":["GET"]}}],"collection":[{"href":"https:\/\/jetskifly.com\/fr\/wp-json\/wp\/v2\/product"}],"about":[{"href":"https:\/\/jetskifly.com\/fr\/wp-json\/wp\/v2\/types\/product"}],"wp:featuredmedia":[{"embeddable":true,"href":"https:\/\/jetskifly.com\/fr\/wp-json\/wp\/v2\/media\/3507"}],"wp:attachment":[{"href":"https:\/\/jetskifly.com\/fr\/wp-json\/wp\/v2\/media?parent=3505"}],"wp:term":[{"taxonomy":"product_brand","embeddable":true,"href":"https:\/\/jetskifly.com\/fr\/wp-json\/wp\/v2\/product_brand?post=3505"},{"taxonomy":"product_cat","embeddable":true,"href":"https:\/\/jetskifly.com\/fr\/wp-json\/wp\/v2\/product_cat?post=3505"},{"taxonomy":"product_tag","embeddable":true,"href":"https:\/\/jetskifly.com\/fr\/wp-json\/wp\/v2\/product_tag?post=3505"}],"curies":[{"name":"wp","href":"https:\/\/api.w.org\/{rel}","templated":true}]}}