{"id":3520,"date":"2025-04-06T10:43:03","date_gmt":"2025-04-06T08:43:03","guid":{"rendered":"https:\/\/jetskifly.com\/producto\/range-rover-ou-similaire\/"},"modified":"2025-04-06T10:43:03","modified_gmt":"2025-04-06T08:43:03","slug":"range-rover-ou-similaire","status":"publish","type":"product","link":"https:\/\/jetskifly.com\/fr\/producto\/range-rover-ou-similaire\/","title":{"rendered":"Range Rover (ou similaire)"},"content":{"rendered":"<p data-start=\"106\" data-end=\"172\"><strong data-start=\"106\" data-end=\"172\">Louer un Range Rover \u2013 \u00e9l\u00e9gance et performance \u00e0 chaque voyage<\/strong><\/p>\n<p data-start=\"174\" data-end=\"550\">Chez JET SKI FLY Ibiza rentals, nous vous offrons la possibilit\u00e9 de conduire un Range Rover, le SUV de luxe par excellence. Id\u00e9al pour les voyages d\u2019affaires, les escapades de fin de semaine ou les \u00e9v\u00e9nements sp\u00e9ciaux, ce v\u00e9hicule combine un confort haut de gamme, une technologie de pointe et des performances hors route exceptionnelles.<br data-start=\"468\" data-end=\"471\">R\u00e9servez d\u00e8s aujourd\u2019hui et vivez une exp\u00e9rience de conduite unique avec style et distinction. <\/p>\n","protected":false},"excerpt":{"rendered":"<p>Louer un Range Rover \u2013 \u00e9l\u00e9gance et performance \u00e0 chaque voyage Chez JET SKI FLY Ibiza rentals, nous vous offrons la possibilit\u00e9 de conduire un Range Rover, le SUV de luxe par excellence. Id\u00e9al pour les voyages d\u2019affaires, les escapades de fin de semaine ou les \u00e9v\u00e9nements sp\u00e9ciaux, ce v\u00e9hicule combine un confort haut de [&hellip;]<\/p>\n","protected":false},"featured_media":3523,"template":"","meta":{"_acf_changed":false,"_joinchat":[]},"product_brand":[],"product_cat":[89],"product_tag":[],"class_list":{"0":"post-3520","1":"product","2":"type-product","3":"status-publish","4":"has-post-thumbnail","6":"product_cat-voitures","8":"first","9":"instock","10":"taxable","11":"shipping-taxable","12":"purchasable","13":"product-type-simple"},"acf":[],"_links":{"self":[{"href":"https:\/\/jetskifly.com\/fr\/wp-json\/wp\/v2\/product\/3520","targetHints":{"allow":["GET"]}}],"collection":[{"href":"https:\/\/jetskifly.com\/fr\/wp-json\/wp\/v2\/product"}],"about":[{"href":"https:\/\/jetskifly.com\/fr\/wp-json\/wp\/v2\/types\/product"}],"wp:featuredmedia":[{"embeddable":true,"href":"https:\/\/jetskifly.com\/fr\/wp-json\/wp\/v2\/media\/3523"}],"wp:attachment":[{"href":"https:\/\/jetskifly.com\/fr\/wp-json\/wp\/v2\/media?parent=3520"}],"wp:term":[{"taxonomy":"product_brand","embeddable":true,"href":"https:\/\/jetskifly.com\/fr\/wp-json\/wp\/v2\/product_brand?post=3520"},{"taxonomy":"product_cat","embeddable":true,"href":"https:\/\/jetskifly.com\/fr\/wp-json\/wp\/v2\/product_cat?post=3520"},{"taxonomy":"product_tag","embeddable":true,"href":"https:\/\/jetskifly.com\/fr\/wp-json\/wp\/v2\/product_tag?post=3520"}],"curies":[{"name":"wp","href":"https:\/\/api.w.org\/{rel}","templated":true}]}}