{"id":4071,"date":"2026-04-15T12:12:38","date_gmt":"2026-04-15T10:12:38","guid":{"rendered":"https:\/\/jetskifly.com\/producto\/excursion-es-vedra-sunset\/"},"modified":"2026-04-15T12:22:11","modified_gmt":"2026-04-15T10:22:11","slug":"excursion-es-vedra-sunset","status":"publish","type":"product","link":"https:\/\/jetskifly.com\/fr\/producto\/excursion-es-vedra-sunset\/","title":{"rendered":"Excursion au coucher du soleil \u00e0 Es Vedr\u00e1"},"content":{"rendered":"<p>Durant cette excursion de pr\u00e8s de 3 heures, naviguez sur la M\u00e9diterran\u00e9e d&rsquo;Ibiza \u00e0 Es Vedr\u00e0, en profitant d&rsquo;eaux cristallines et de paysages parmi les plus \u00e9poustouflants de la M\u00e9diterran\u00e9e, parfaits pour des photos spectaculaires.<\/p>\n<p>\ud83d\udcf8 Vous repartirez avec des photos professionnelles de cette exp\u00e9rience inoubliable. Aucune exp\u00e9rience pr\u00e9alable n&rsquo;est requise. Juste l&rsquo;envie de d\u00e9couvrir l&rsquo;un des plus beaux et magiques endroits de la M\u00e9diterran\u00e9e\u2026 depuis la mer et en toute libert\u00e9 !<\/p>\n<p>\ud83c\udf34 Es Vedr\u00e0 vous attend. Vivez l&rsquo;exp\u00e9rience la plus exclusive de l&rsquo;excursion en jet ski \u00e0 Ibiza.<\/p>\n<p>&nbsp;<\/p>\n<p>\ud83d\udea4 Dur\u00e9e : 3 heures<\/p>\n<p>\ud83d\udcb6 Prix : 600 \u20ac par jet ski (1 ou 2 personnes)<\/p>\n","protected":false},"excerpt":{"rendered":"<p>Vivez une aventure exclusive \u00e0 Ibiza avec notre excursion en jet ski jusqu&rsquo;\u00e0 l&rsquo;\u00eelot embl\u00e9matique d&rsquo;Es Vedr\u00e1. Explorez le littoral spectaculaire d&rsquo;Ibiza tout en profitant des eaux cristallines et de l&rsquo;un des paysages les plus \u00e9poustouflants de la M\u00e9diterran\u00e9e. Une aventure haut de gamme qui allie sensations fortes, nature et panoramas inoubliables, id\u00e9ale pour d\u00e9couvrir la magie d&rsquo;Ibiza depuis la mer.<\/p>\n","protected":false},"featured_media":4072,"template":"","meta":{"_acf_changed":false,"_joinchat":[]},"product_brand":[],"product_cat":[85],"product_tag":[],"class_list":{"0":"post-4071","1":"product","2":"type-product","3":"status-publish","4":"has-post-thumbnail","6":"product_cat-excursions-en-jetski","8":"first","9":"instock","10":"sold-individually","11":"taxable","12":"shipping-taxable","13":"purchasable","14":"product-type-booking"},"acf":[],"_links":{"self":[{"href":"https:\/\/jetskifly.com\/fr\/wp-json\/wp\/v2\/product\/4071","targetHints":{"allow":["GET"]}}],"collection":[{"href":"https:\/\/jetskifly.com\/fr\/wp-json\/wp\/v2\/product"}],"about":[{"href":"https:\/\/jetskifly.com\/fr\/wp-json\/wp\/v2\/types\/product"}],"wp:featuredmedia":[{"embeddable":true,"href":"https:\/\/jetskifly.com\/fr\/wp-json\/wp\/v2\/media\/4072"}],"wp:attachment":[{"href":"https:\/\/jetskifly.com\/fr\/wp-json\/wp\/v2\/media?parent=4071"}],"wp:term":[{"taxonomy":"product_brand","embeddable":true,"href":"https:\/\/jetskifly.com\/fr\/wp-json\/wp\/v2\/product_brand?post=4071"},{"taxonomy":"product_cat","embeddable":true,"href":"https:\/\/jetskifly.com\/fr\/wp-json\/wp\/v2\/product_cat?post=4071"},{"taxonomy":"product_tag","embeddable":true,"href":"https:\/\/jetskifly.com\/fr\/wp-json\/wp\/v2\/product_tag?post=4071"}],"curies":[{"name":"wp","href":"https:\/\/api.w.org\/{rel}","templated":true}]}}