{"id":4282,"date":"2026-04-15T13:53:03","date_gmt":"2026-04-15T11:53:03","guid":{"rendered":"https:\/\/jetskifly.com\/producto\/cranchi\/"},"modified":"2026-04-16T09:34:18","modified_gmt":"2026-04-16T07:34:18","slug":"cranchi","status":"publish","type":"product","link":"https:\/\/jetskifly.com\/fr\/producto\/cranchi\/","title":{"rendered":"CRANCHI"},"content":{"rendered":"","protected":false},"excerpt":{"rendered":"<p>D\u00e9couvrez Ibiza depuis la mer avec l&rsquo;\u00e9l\u00e9gance intemporelle du Cranchi\u00a0: ponts spacieux, solarium et int\u00e9rieurs lumineux cr\u00e9ent l&rsquo;atmosph\u00e8re id\u00e9ale pour se d\u00e9tendre, se retrouver entre amis ou simplement se laisser porter par la navigation.<\/p>\n<p>Une exp\u00e9rience fluide et s\u00e9curis\u00e9e, m\u00eame \u00e0 grande vitesse, est garantie pour une journ\u00e9e inoubliable \u00e0 Ibiza. \ud83c\udf34\u2693<\/p>\n","protected":false},"featured_media":4285,"template":"","meta":{"_acf_changed":false,"_joinchat":[]},"product_brand":[],"product_cat":[96],"product_tag":[],"class_list":{"0":"post-4282","1":"product","2":"type-product","3":"status-publish","4":"has-post-thumbnail","6":"product_cat-location-de-bateau","8":"first","9":"instock","10":"taxable","11":"shipping-taxable","12":"product-type-simple"},"acf":[],"_links":{"self":[{"href":"https:\/\/jetskifly.com\/fr\/wp-json\/wp\/v2\/product\/4282","targetHints":{"allow":["GET"]}}],"collection":[{"href":"https:\/\/jetskifly.com\/fr\/wp-json\/wp\/v2\/product"}],"about":[{"href":"https:\/\/jetskifly.com\/fr\/wp-json\/wp\/v2\/types\/product"}],"wp:featuredmedia":[{"embeddable":true,"href":"https:\/\/jetskifly.com\/fr\/wp-json\/wp\/v2\/media\/4285"}],"wp:attachment":[{"href":"https:\/\/jetskifly.com\/fr\/wp-json\/wp\/v2\/media?parent=4282"}],"wp:term":[{"taxonomy":"product_brand","embeddable":true,"href":"https:\/\/jetskifly.com\/fr\/wp-json\/wp\/v2\/product_brand?post=4282"},{"taxonomy":"product_cat","embeddable":true,"href":"https:\/\/jetskifly.com\/fr\/wp-json\/wp\/v2\/product_cat?post=4282"},{"taxonomy":"product_tag","embeddable":true,"href":"https:\/\/jetskifly.com\/fr\/wp-json\/wp\/v2\/product_tag?post=4282"}],"curies":[{"name":"wp","href":"https:\/\/api.w.org\/{rel}","templated":true}]}}