{"id":4296,"date":"2026-04-15T13:53:04","date_gmt":"2026-04-15T11:53:04","guid":{"rendered":"https:\/\/jetskifly.com\/producto\/de-antonio-32\/"},"modified":"2026-04-16T09:34:45","modified_gmt":"2026-04-16T07:34:45","slug":"de-antonio-32","status":"publish","type":"product","link":"https:\/\/jetskifly.com\/fr\/producto\/de-antonio-32\/","title":{"rendered":"DE ANTONIO 32"},"content":{"rendered":"","protected":false},"excerpt":{"rendered":"<p>D\u00e9finition du style moderne\u00a0: un yacht ouvert, minimaliste et \u00e9tonnamment spacieux, alliant design avant-gardiste et maniabilit\u00e9 exceptionnelle. Id\u00e9al pour naviguer en toute libert\u00e9 entre criques, beach clubs et eaux turquoise.<\/p>\n<p>Son design walkaround, sans cabine ext\u00e9rieure traditionnelle, optimise l\u2019espace et offre de vastes zones de bronzage \u00e0 l\u2019avant et \u00e0 l\u2019arri\u00e8re, parfaites pour se pr\u00e9lasser au soleil ou savourer un ap\u00e9ritif en mer. De plus, son moteur hors-bord garantit vitesse, efficacit\u00e9 et une exp\u00e9rience de navigation sportive.<\/p>\n<p>Le choix id\u00e9al pour une journ\u00e9e \u00e9l\u00e9gante, conviviale et divertissante \u00e0 Ibiza. \ud83c\udf0a\u2728<\/p>\n","protected":false},"featured_media":4301,"template":"","meta":{"_acf_changed":false,"_joinchat":[]},"product_brand":[],"product_cat":[96],"product_tag":[],"class_list":{"0":"post-4296","1":"product","2":"type-product","3":"status-publish","4":"has-post-thumbnail","6":"product_cat-location-de-bateau","8":"first","9":"instock","10":"taxable","11":"shipping-taxable","12":"product-type-simple"},"acf":[],"_links":{"self":[{"href":"https:\/\/jetskifly.com\/fr\/wp-json\/wp\/v2\/product\/4296","targetHints":{"allow":["GET"]}}],"collection":[{"href":"https:\/\/jetskifly.com\/fr\/wp-json\/wp\/v2\/product"}],"about":[{"href":"https:\/\/jetskifly.com\/fr\/wp-json\/wp\/v2\/types\/product"}],"wp:featuredmedia":[{"embeddable":true,"href":"https:\/\/jetskifly.com\/fr\/wp-json\/wp\/v2\/media\/4301"}],"wp:attachment":[{"href":"https:\/\/jetskifly.com\/fr\/wp-json\/wp\/v2\/media?parent=4296"}],"wp:term":[{"taxonomy":"product_brand","embeddable":true,"href":"https:\/\/jetskifly.com\/fr\/wp-json\/wp\/v2\/product_brand?post=4296"},{"taxonomy":"product_cat","embeddable":true,"href":"https:\/\/jetskifly.com\/fr\/wp-json\/wp\/v2\/product_cat?post=4296"},{"taxonomy":"product_tag","embeddable":true,"href":"https:\/\/jetskifly.com\/fr\/wp-json\/wp\/v2\/product_tag?post=4296"}],"curies":[{"name":"wp","href":"https:\/\/api.w.org\/{rel}","templated":true}]}}