{"id":4324,"date":"2026-04-15T13:53:55","date_gmt":"2026-04-15T11:53:55","guid":{"rendered":"https:\/\/jetskifly.com\/producto\/fim\/"},"modified":"2026-04-16T09:35:43","modified_gmt":"2026-04-16T07:35:43","slug":"fim","status":"publish","type":"product","link":"https:\/\/jetskifly.com\/fr\/producto\/fim\/","title":{"rendered":"FIM"},"content":{"rendered":"","protected":false},"excerpt":{"rendered":"<p>\u00c0 bord, chaque d\u00e9tail est pens\u00e9 pour la d\u00e9tente\u00a0: vastes espaces de bronzage, finitions haut de gamme et un agencement intelligent qui optimise l\u2019espace et le confort. Id\u00e9al pour une escapade romantique ou des journ\u00e9es inoubliables entre amis.<\/p>\n<p>Un bateau o\u00f9 l\u2019on ne fait pas que naviguer, o\u00f9 l\u2019on vit. \ud83c\udf0a\u2728<\/p>\n","protected":false},"featured_media":4284,"template":"","meta":{"_acf_changed":false,"_joinchat":[]},"product_brand":[],"product_cat":[96],"product_tag":[],"class_list":{"0":"post-4324","1":"product","2":"type-product","3":"status-publish","4":"has-post-thumbnail","6":"product_cat-location-de-bateau","8":"first","9":"instock","10":"taxable","11":"shipping-taxable","12":"product-type-simple"},"acf":[],"_links":{"self":[{"href":"https:\/\/jetskifly.com\/fr\/wp-json\/wp\/v2\/product\/4324","targetHints":{"allow":["GET"]}}],"collection":[{"href":"https:\/\/jetskifly.com\/fr\/wp-json\/wp\/v2\/product"}],"about":[{"href":"https:\/\/jetskifly.com\/fr\/wp-json\/wp\/v2\/types\/product"}],"wp:featuredmedia":[{"embeddable":true,"href":"https:\/\/jetskifly.com\/fr\/wp-json\/wp\/v2\/media\/4284"}],"wp:attachment":[{"href":"https:\/\/jetskifly.com\/fr\/wp-json\/wp\/v2\/media?parent=4324"}],"wp:term":[{"taxonomy":"product_brand","embeddable":true,"href":"https:\/\/jetskifly.com\/fr\/wp-json\/wp\/v2\/product_brand?post=4324"},{"taxonomy":"product_cat","embeddable":true,"href":"https:\/\/jetskifly.com\/fr\/wp-json\/wp\/v2\/product_cat?post=4324"},{"taxonomy":"product_tag","embeddable":true,"href":"https:\/\/jetskifly.com\/fr\/wp-json\/wp\/v2\/product_tag?post=4324"}],"curies":[{"name":"wp","href":"https:\/\/api.w.org\/{rel}","templated":true}]}}