{"id":4332,"date":"2026-04-15T13:54:03","date_gmt":"2026-04-15T11:54:03","guid":{"rendered":"https:\/\/jetskifly.com\/producto\/selva-marine-d600-evo\/"},"modified":"2026-04-16T09:36:04","modified_gmt":"2026-04-16T07:36:04","slug":"selva-marine-d600-evo","status":"publish","type":"product","link":"https:\/\/jetskifly.com\/fr\/producto\/selva-marine-d600-evo\/","title":{"rendered":"SELVA MARINE D600 EVO"},"content":{"rendered":"","protected":false},"excerpt":{"rendered":"<p>Le Selva Marine D600 EVO est le choix id\u00e9al pour d\u00e9couvrir Ibiza depuis la mer de fa\u00e7on authentique et accessible. Compact, polyvalent et incroyablement facile \u00e0 man\u0153uvrer, il est con\u00e7u pour une journ\u00e9e de navigation relaxante au milieu de criques secr\u00e8tes et d&rsquo;eaux cristallines.<\/p>\n<p>Son design optimise chaque centim\u00e8tre carr\u00e9 pour un confort optimal \u00e0 bord, avec un bain de soleil, des si\u00e8ges spacieux et une navigation stable, id\u00e9ale pour les sorties en famille ou entre amis.<\/p>\n<p>L\u00e9ger, pratique et ludique, le D600 EVO est parfait pour vivre Ibiza de fa\u00e7on simple et inoubliable. \ud83c\udf0a\u2600\ufe0f<\/p>\n","protected":false},"featured_media":4337,"template":"","meta":{"_acf_changed":false,"_joinchat":[]},"product_brand":[],"product_cat":[96],"product_tag":[],"class_list":{"0":"post-4332","1":"product","2":"type-product","3":"status-publish","4":"has-post-thumbnail","6":"product_cat-location-de-bateau","8":"first","9":"instock","10":"taxable","11":"shipping-taxable","12":"product-type-simple"},"acf":[],"_links":{"self":[{"href":"https:\/\/jetskifly.com\/fr\/wp-json\/wp\/v2\/product\/4332","targetHints":{"allow":["GET"]}}],"collection":[{"href":"https:\/\/jetskifly.com\/fr\/wp-json\/wp\/v2\/product"}],"about":[{"href":"https:\/\/jetskifly.com\/fr\/wp-json\/wp\/v2\/types\/product"}],"wp:featuredmedia":[{"embeddable":true,"href":"https:\/\/jetskifly.com\/fr\/wp-json\/wp\/v2\/media\/4337"}],"wp:attachment":[{"href":"https:\/\/jetskifly.com\/fr\/wp-json\/wp\/v2\/media?parent=4332"}],"wp:term":[{"taxonomy":"product_brand","embeddable":true,"href":"https:\/\/jetskifly.com\/fr\/wp-json\/wp\/v2\/product_brand?post=4332"},{"taxonomy":"product_cat","embeddable":true,"href":"https:\/\/jetskifly.com\/fr\/wp-json\/wp\/v2\/product_cat?post=4332"},{"taxonomy":"product_tag","embeddable":true,"href":"https:\/\/jetskifly.com\/fr\/wp-json\/wp\/v2\/product_tag?post=4332"}],"curies":[{"name":"wp","href":"https:\/\/api.w.org\/{rel}","templated":true}]}}