{"id":4499,"date":"2026-04-16T16:47:37","date_gmt":"2026-04-16T14:47:37","guid":{"rendered":"https:\/\/jetskifly.com\/producto\/excursion-en-barco-por-formentera\/"},"modified":"2026-04-16T17:54:48","modified_gmt":"2026-04-16T15:54:48","slug":"excursion-en-bateau-autour-de-formentera","status":"publish","type":"product","link":"https:\/\/jetskifly.com\/fr\/producto\/excursion-en-bateau-autour-de-formentera\/","title":{"rendered":"Excursion en bateau autour de Formentera"},"content":{"rendered":"<p>Avec Jet Ski Fly, nous proposons \u00e9galement une exp\u00e9rience con\u00e7ue pour ceux qui recherchent une immersion plus intime et exclusive. Notre excursion de 4 heures \u00e0 Formentera se d\u00e9roule \u00e0 bord d&rsquo;un hors-bord pneumatique, id\u00e9al pour une navigation confortable et une libert\u00e9 totale en mer. Au cours de cette excursion, vous d\u00e9couvrirez des recoins uniques de Formentera, des zones accessibles uniquement par bateau, et vous vous baignerez dans des eaux cristallines dans un cadre v\u00e9ritablement spectaculaire.<\/p>\n<p>Avant la fin de l&rsquo;exp\u00e9rience, notre \u00e9quipe vous offrira boissons, rafra\u00eechissements et collations pour vous permettre de vous d\u00e9tendre et de vous ressourcer tout en admirant le paysage. Une exp\u00e9rience id\u00e9ale pour ceux qui souhaitent d\u00e9couvrir Formentera sous son jour le plus authentique et exclusif, depuis la mer.<\/p>\n","protected":false},"excerpt":{"rendered":"<p>\u00c9vadez-vous \u00e0 Formentera dans un confort absolu. Go\u00fbtez \u00e0 la libert\u00e9 \u00e0 bord de notre bateau pneumatique priv\u00e9. Profitez d&rsquo;une excursion de 4 heures \u00e0 la d\u00e9couverte des plus beaux sites de la c\u00f4te, avec des arr\u00eats dans des lieux exclusifs et recul\u00e9s, et une attention m\u00e9ticuleuse port\u00e9e aux d\u00e9tails qui fera de votre journ\u00e9e en mer un souvenir inoubliable.<\/p>\n","protected":false},"featured_media":4500,"template":"","meta":{"_acf_changed":false,"_joinchat":[]},"product_brand":[],"product_cat":[102],"product_tag":[],"class_list":{"0":"post-4499","1":"product","2":"type-product","3":"status-publish","4":"has-post-thumbnail","6":"product_cat-tour-en-bateau","8":"first","9":"instock","10":"taxable","11":"shipping-taxable","12":"product-type-simple"},"acf":[],"_links":{"self":[{"href":"https:\/\/jetskifly.com\/fr\/wp-json\/wp\/v2\/product\/4499","targetHints":{"allow":["GET"]}}],"collection":[{"href":"https:\/\/jetskifly.com\/fr\/wp-json\/wp\/v2\/product"}],"about":[{"href":"https:\/\/jetskifly.com\/fr\/wp-json\/wp\/v2\/types\/product"}],"wp:featuredmedia":[{"embeddable":true,"href":"https:\/\/jetskifly.com\/fr\/wp-json\/wp\/v2\/media\/4500"}],"wp:attachment":[{"href":"https:\/\/jetskifly.com\/fr\/wp-json\/wp\/v2\/media?parent=4499"}],"wp:term":[{"taxonomy":"product_brand","embeddable":true,"href":"https:\/\/jetskifly.com\/fr\/wp-json\/wp\/v2\/product_brand?post=4499"},{"taxonomy":"product_cat","embeddable":true,"href":"https:\/\/jetskifly.com\/fr\/wp-json\/wp\/v2\/product_cat?post=4499"},{"taxonomy":"product_tag","embeddable":true,"href":"https:\/\/jetskifly.com\/fr\/wp-json\/wp\/v2\/product_tag?post=4499"}],"curies":[{"name":"wp","href":"https:\/\/api.w.org\/{rel}","templated":true}]}}