{"id":4511,"date":"2026-04-16T16:47:31","date_gmt":"2026-04-16T14:47:31","guid":{"rendered":"https:\/\/jetskifly.com\/producto\/excursion-en-barco-por-es-vedra-al-atardecer\/"},"modified":"2026-04-16T17:45:28","modified_gmt":"2026-04-16T15:45:28","slug":"promenade-en-bateau-autour-des-vedra-au-coucher-du-soleil","status":"publish","type":"product","link":"https:\/\/jetskifly.com\/fr\/producto\/promenade-en-bateau-autour-des-vedra-au-coucher-du-soleil\/","title":{"rendered":"Promenade en bateau autour d&rsquo;Es Vedr\u00e1 au coucher du soleil"},"content":{"rendered":"<p>Si vous avez d\u00e9j\u00e0 explor\u00e9 Ibiza, il vous manque encore une exp\u00e9rience incontournable\u00a0: assister au coucher de soleil l\u00e9gendaire et magique d\u2019Es Vedr\u00e0. Notre excursion priv\u00e9e en hors-bord est con\u00e7ue pour ceux qui souhaitent vivre l\u2019un des moments les plus embl\u00e9matiques de l\u2019\u00eele depuis la mer.<\/p>\n<p>Nous naviguerons le long de la c\u00f4te ouest d\u2019Ibiza pendant 4\u00a0heures, pour rejoindre le magnifique \u00eelot d\u2019Es Vedr\u00e0, o\u00f9 vous pourrez admirer le coucher de soleil depuis l\u2019eau dans un cadre unique et vibrant.<\/p>\n<p>Au cours de l\u2019excursion, nous ferons \u00e9galement une halte \u00e0 Atlantis, la c\u00e9l\u00e8bre piscine naturelle cach\u00e9e sur la c\u00f4te et accessible uniquement par la mer. Un lieu v\u00e9ritablement spectaculaire que peu ont la chance de d\u00e9couvrir.<\/p>\n<p>Alors que le soleil se couche derri\u00e8re l\u2019\u00eelot, l\u2019atmosph\u00e8re devient magique et paisible, cr\u00e9ant un moment de s\u00e9r\u00e9nit\u00e9 inoubliable.<\/p>\n<p>Avant la fin de cette exp\u00e9rience, notre \u00e9quipe vous offrira des boissons, des rafra\u00eechissements et des collations pour que vous puissiez profiter pleinement de ce moment dans un confort absolu.<\/p>\n<p>Une exp\u00e9rience unique pour assister au coucher de soleil le plus l\u00e9gendaire d\u2019Ibiza depuis la mer.<\/p>\n","protected":false},"excerpt":{"rendered":"<p>Vous pensez avoir tout vu \u00e0 Ibiza\u00a0? Pr\u00e9parez-vous \u00e0 d\u00e9couvrir le c\u00f4t\u00e9 le plus mystique de l\u2019\u00eele. Nous vous invitons \u00e0 un voyage exclusif au c\u0153ur d\u2019Es Vedr\u00e1, o\u00f9 la magie du coucher de soleil se m\u00eale \u00e0 la mer pour une exp\u00e9rience qui red\u00e9finit le luxe et la d\u00e9tente.<\/p>\n","protected":false},"featured_media":4512,"template":"","meta":{"_acf_changed":false,"_joinchat":[]},"product_brand":[],"product_cat":[102],"product_tag":[],"class_list":{"0":"post-4511","1":"product","2":"type-product","3":"status-publish","4":"has-post-thumbnail","6":"product_cat-tour-en-bateau","8":"first","9":"instock","10":"taxable","11":"shipping-taxable","12":"product-type-simple"},"acf":[],"_links":{"self":[{"href":"https:\/\/jetskifly.com\/fr\/wp-json\/wp\/v2\/product\/4511","targetHints":{"allow":["GET"]}}],"collection":[{"href":"https:\/\/jetskifly.com\/fr\/wp-json\/wp\/v2\/product"}],"about":[{"href":"https:\/\/jetskifly.com\/fr\/wp-json\/wp\/v2\/types\/product"}],"wp:featuredmedia":[{"embeddable":true,"href":"https:\/\/jetskifly.com\/fr\/wp-json\/wp\/v2\/media\/4512"}],"wp:attachment":[{"href":"https:\/\/jetskifly.com\/fr\/wp-json\/wp\/v2\/media?parent=4511"}],"wp:term":[{"taxonomy":"product_brand","embeddable":true,"href":"https:\/\/jetskifly.com\/fr\/wp-json\/wp\/v2\/product_brand?post=4511"},{"taxonomy":"product_cat","embeddable":true,"href":"https:\/\/jetskifly.com\/fr\/wp-json\/wp\/v2\/product_cat?post=4511"},{"taxonomy":"product_tag","embeddable":true,"href":"https:\/\/jetskifly.com\/fr\/wp-json\/wp\/v2\/product_tag?post=4511"}],"curies":[{"name":"wp","href":"https:\/\/api.w.org\/{rel}","templated":true}]}}