{"id":3234,"date":"2025-06-13T20:51:42","date_gmt":"2025-06-13T18:51:42","guid":{"rendered":"https:\/\/jetskifly.com\/blog\/"},"modified":"2025-08-13T19:33:54","modified_gmt":"2025-08-13T17:33:54","slug":"blog","status":"publish","type":"page","link":"https:\/\/jetskifly.com\/it\/blog\/","title":{"rendered":"Blog"},"content":{"rendered":"<ul class=\"wp-block-latest-posts__list blog-post wp-block-latest-posts\"><li><div class=\"wp-block-latest-posts__featured-image aligncenter\"><a href=\"https:\/\/jetskifly.com\/it\/ho-bisogno-di-una-licenza-per-noleggiare-una-moto-dacqua-a-ibiza\/\" aria-label=\"Ho bisogno di una licenza per noleggiare una moto d&#8217;acqua a Ibiza?\"><img fetchpriority=\"high\" decoding=\"async\" width=\"800\" height=\"533\" src=\"https:\/\/jetskifly.com\/wp-content\/uploads\/licencia-moto-de-agua-1500x1000.png\" class=\"attachment-large size-large wp-post-image\" alt=\"\" style=\"\" srcset=\"https:\/\/jetskifly.com\/wp-content\/uploads\/licencia-moto-de-agua-1500x1000.png 1500w, https:\/\/jetskifly.com\/wp-content\/uploads\/licencia-moto-de-agua-640x427.png 640w, https:\/\/jetskifly.com\/wp-content\/uploads\/licencia-moto-de-agua-768x512.png 768w, https:\/\/jetskifly.com\/wp-content\/uploads\/licencia-moto-de-agua-600x400.png 600w, https:\/\/jetskifly.com\/wp-content\/uploads\/licencia-moto-de-agua.png 1536w\" sizes=\"(max-width: 800px) 100vw, 800px\" \/><\/a><\/div><a class=\"wp-block-latest-posts__post-title\" href=\"https:\/\/jetskifly.com\/it\/ho-bisogno-di-una-licenza-per-noleggiare-una-moto-dacqua-a-ibiza\/\">Ho bisogno di una licenza per noleggiare una moto d&#8217;acqua a Ibiza?<\/a><div class=\"wp-block-latest-posts__post-excerpt\">Ho bisogno di una licenza per noleggiare una moto d&#8217;acqua a Ibiza? Guida chiara per i turisti Se stai organizzando le tue vacanze sull&#8217;isola e vuoi vivere l&#8217;esperienza di guidare una moto d&#8217;acqua a Ibiza, probabilmente ti starai chiedendo: ho bisogno di qualche tipo di patente? In questa\u2026 <a class=\"wp-block-latest-posts__read-more\" href=\"https:\/\/jetskifly.com\/it\/ho-bisogno-di-una-licenza-per-noleggiare-una-moto-dacqua-a-ibiza\/\" rel=\"noopener noreferrer\">Leggi tutto<span class=\"screen-reader-text\">: Ho bisogno di una licenza per noleggiare una moto d&#8217;acqua a Ibiza?<\/span><\/a><\/div><\/li>\n<li><div class=\"wp-block-latest-posts__featured-image aligncenter\"><a href=\"https:\/\/jetskifly.com\/it\/cosa-fare-a-ibiza-in-estate-vivi-lesperienza-unica-dello-sci-dacqua\/\" aria-label=\"Cosa fare a Ibiza in estate: vivi l&#8217;esperienza unica dello sci d&#8217;acqua\"><img decoding=\"async\" width=\"800\" height=\"533\" src=\"https:\/\/jetskifly.com\/wp-content\/uploads\/verano-ibiza-1500x1000.png\" class=\"attachment-large size-large wp-post-image\" alt=\"\" style=\"\" srcset=\"https:\/\/jetskifly.com\/wp-content\/uploads\/verano-ibiza-1500x1000.png 1500w, https:\/\/jetskifly.com\/wp-content\/uploads\/verano-ibiza-640x427.png 640w, https:\/\/jetskifly.com\/wp-content\/uploads\/verano-ibiza-768x512.png 768w, https:\/\/jetskifly.com\/wp-content\/uploads\/verano-ibiza-600x400.png 600w, https:\/\/jetskifly.com\/wp-content\/uploads\/verano-ibiza.png 1536w\" sizes=\"(max-width: 800px) 100vw, 800px\" \/><\/a><\/div><a class=\"wp-block-latest-posts__post-title\" href=\"https:\/\/jetskifly.com\/it\/cosa-fare-a-ibiza-in-estate-vivi-lesperienza-unica-dello-sci-dacqua\/\">Cosa fare a Ibiza in estate: vivi l&#8217;esperienza unica dello sci d&#8217;acqua<\/a><div class=\"wp-block-latest-posts__post-excerpt\">Cosa fare a Ibiza in estate: vivi l&#8217;esperienza unica dello sci d&#8217;acqua Ibiza \u00e8 sinonimo di estate, spiaggia e libert\u00e0. Ma al di l\u00e0 della sua vivace vita notturna, l&#8217;isola offre un&#8217;ampia variet\u00e0 di programmi indimenticabili da godersi durante il giorno. Se stai pianificando il tuo viaggio e\u2026 <a class=\"wp-block-latest-posts__read-more\" href=\"https:\/\/jetskifly.com\/it\/cosa-fare-a-ibiza-in-estate-vivi-lesperienza-unica-dello-sci-dacqua\/\" rel=\"noopener noreferrer\">Leggi tutto<span class=\"screen-reader-text\">: Cosa fare a Ibiza in estate: vivi l&#8217;esperienza unica dello sci d&#8217;acqua<\/span><\/a><\/div><\/li>\n<li><div class=\"wp-block-latest-posts__featured-image aligncenter\"><a href=\"https:\/\/jetskifly.com\/it\/moto-dacqua-vs-altre-attivita-acquatiche-a-ibiza-quale-scegliere-questestate\/\" aria-label=\"Moto d&#8217;acqua vs altre attivit\u00e0 acquatiche a Ibiza: quale scegliere quest&#8217;estate?\"><img decoding=\"async\" width=\"800\" height=\"533\" src=\"https:\/\/jetskifly.com\/wp-content\/uploads\/moto-de-agua-ibiza-1500x1000.png\" class=\"attachment-large size-large wp-post-image\" alt=\"\" style=\"\" srcset=\"https:\/\/jetskifly.com\/wp-content\/uploads\/moto-de-agua-ibiza-1500x1000.png 1500w, https:\/\/jetskifly.com\/wp-content\/uploads\/moto-de-agua-ibiza-640x427.png 640w, https:\/\/jetskifly.com\/wp-content\/uploads\/moto-de-agua-ibiza-768x512.png 768w, https:\/\/jetskifly.com\/wp-content\/uploads\/moto-de-agua-ibiza-600x400.png 600w, https:\/\/jetskifly.com\/wp-content\/uploads\/moto-de-agua-ibiza.png 1536w\" sizes=\"(max-width: 800px) 100vw, 800px\" \/><\/a><\/div><a class=\"wp-block-latest-posts__post-title\" href=\"https:\/\/jetskifly.com\/it\/moto-dacqua-vs-altre-attivita-acquatiche-a-ibiza-quale-scegliere-questestate\/\">Moto d&#8217;acqua vs altre attivit\u00e0 acquatiche a Ibiza: quale scegliere quest&#8217;estate?<\/a><div class=\"wp-block-latest-posts__post-excerpt\">Moto d&#8217;acqua vs altre attivit\u00e0 acquatiche a Ibiza: quale scegliere quest&#8217;estate? Se stai organizzando la tua vacanza a Ibiza e vuoi goderti il mare, probabilmente ti sarai chiesto: qual \u00e8 l&#8217;attivit\u00e0 acquatica migliore per me? Moto d&#8217;acqua, banana boat, kayak, paddle surf, snorkeling o gita in barca? In\u2026 <a class=\"wp-block-latest-posts__read-more\" href=\"https:\/\/jetskifly.com\/it\/moto-dacqua-vs-altre-attivita-acquatiche-a-ibiza-quale-scegliere-questestate\/\" rel=\"noopener noreferrer\">Leggi tutto<span class=\"screen-reader-text\">: Moto d&#8217;acqua vs altre attivit\u00e0 acquatiche a Ibiza: quale scegliere quest&#8217;estate?<\/span><\/a><\/div><\/li>\n<li><div class=\"wp-block-latest-posts__featured-image aligncenter\"><a href=\"https:\/\/jetskifly.com\/it\/moto-dacqua-a-ibiza-prezzi-orari-e-tutto-quello-che-ce-da-sapere-prima-di-noleggiare\/\" aria-label=\"Moto d&#8217;acqua a Ibiza: prezzi, orari e tutto quello che c&#8217;\u00e8 da sapere prima di noleggiare\"><img loading=\"lazy\" decoding=\"async\" width=\"800\" height=\"800\" src=\"https:\/\/jetskifly.com\/wp-content\/uploads\/moto-de-agua.png\" class=\"attachment-large size-large wp-post-image\" alt=\"\" style=\"\" srcset=\"https:\/\/jetskifly.com\/wp-content\/uploads\/moto-de-agua.png 1024w, https:\/\/jetskifly.com\/wp-content\/uploads\/moto-de-agua-640x640.png 640w, https:\/\/jetskifly.com\/wp-content\/uploads\/moto-de-agua-320x320.png 320w, https:\/\/jetskifly.com\/wp-content\/uploads\/moto-de-agua-768x768.png 768w, https:\/\/jetskifly.com\/wp-content\/uploads\/moto-de-agua-300x300.png 300w, https:\/\/jetskifly.com\/wp-content\/uploads\/moto-de-agua-600x600.png 600w, https:\/\/jetskifly.com\/wp-content\/uploads\/moto-de-agua-100x100.png 100w\" sizes=\"(max-width: 800px) 100vw, 800px\" \/><\/a><\/div><a class=\"wp-block-latest-posts__post-title\" href=\"https:\/\/jetskifly.com\/it\/moto-dacqua-a-ibiza-prezzi-orari-e-tutto-quello-che-ce-da-sapere-prima-di-noleggiare\/\">Moto d&#8217;acqua a Ibiza: prezzi, orari e tutto quello che c&#8217;\u00e8 da sapere prima di noleggiare<\/a><div class=\"wp-block-latest-posts__post-excerpt\">Moto d&#8217;acqua a Ibiza: prezzi, orari e tutto quello che c&#8217;\u00e8 da sapere prima di noleggiare Stai pensando di noleggiare una moto d&#8217;acqua durante le tue vacanze a Ibiza? La moto d&#8217;acqua \u00e8 una delle attivit\u00e0 acquatiche pi\u00f9 emozionanti e ricercate dell&#8217;isola, ma prima di prenotare \u00e8 importante\u2026 <a class=\"wp-block-latest-posts__read-more\" href=\"https:\/\/jetskifly.com\/it\/moto-dacqua-a-ibiza-prezzi-orari-e-tutto-quello-che-ce-da-sapere-prima-di-noleggiare\/\" rel=\"noopener noreferrer\">Leggi tutto<span class=\"screen-reader-text\">: Moto d&#8217;acqua a Ibiza: prezzi, orari e tutto quello che c&#8217;\u00e8 da sapere prima di noleggiare<\/span><\/a><\/div><\/li>\n<li><div class=\"wp-block-latest-posts__featured-image aligncenter\"><a href=\"https:\/\/jetskifly.com\/it\/moto-dacqua-a-ibiza-al-tramonto-unesperienza-indimenticabile-in-mare\/\" aria-label=\"Moto d&#8217;acqua a Ibiza al tramonto: un&#8217;esperienza indimenticabile in mare\"><img loading=\"lazy\" decoding=\"async\" width=\"800\" height=\"533\" src=\"https:\/\/jetskifly.com\/wp-content\/uploads\/ibiza-tardecer-1500x1000.png\" class=\"attachment-large size-large wp-post-image\" alt=\"\" style=\"\" srcset=\"https:\/\/jetskifly.com\/wp-content\/uploads\/ibiza-tardecer-1500x1000.png 1500w, https:\/\/jetskifly.com\/wp-content\/uploads\/ibiza-tardecer-640x427.png 640w, https:\/\/jetskifly.com\/wp-content\/uploads\/ibiza-tardecer-768x512.png 768w, https:\/\/jetskifly.com\/wp-content\/uploads\/ibiza-tardecer-600x400.png 600w, https:\/\/jetskifly.com\/wp-content\/uploads\/ibiza-tardecer.png 1536w\" sizes=\"(max-width: 800px) 100vw, 800px\" \/><\/a><\/div><a class=\"wp-block-latest-posts__post-title\" href=\"https:\/\/jetskifly.com\/it\/moto-dacqua-a-ibiza-al-tramonto-unesperienza-indimenticabile-in-mare\/\">Moto d&#8217;acqua a Ibiza al tramonto: un&#8217;esperienza indimenticabile in mare<\/a><div class=\"wp-block-latest-posts__post-excerpt\">Moto d&#8217;acqua a Ibiza al tramonto: un&#8217;esperienza indimenticabile in mare Ibiza \u00e8 famosa per avere uno dei tramonti pi\u00f9 spettacolari del Mediterraneo. Guardare il sole scomparire dietro il mare, tingendo il cielo di arancione, rosa e viola \u00e8, di per s\u00e9, un&#8217;esperienza unica. Ma farlo a bordo di\u2026 <a class=\"wp-block-latest-posts__read-more\" href=\"https:\/\/jetskifly.com\/it\/moto-dacqua-a-ibiza-al-tramonto-unesperienza-indimenticabile-in-mare\/\" rel=\"noopener noreferrer\">Leggi tutto<span class=\"screen-reader-text\">: Moto d&#8217;acqua a Ibiza al tramonto: un&#8217;esperienza indimenticabile in mare<\/span><\/a><\/div><\/li>\n<li><div class=\"wp-block-latest-posts__featured-image aligncenter\"><a href=\"https:\/\/jetskifly.com\/it\/ibiza-moto-dacqua-scopri-lisola-dal-mare-come-mai-prima-dora\/\" aria-label=\"Ibiza moto d&#8217;acqua: scopri l&#8217;isola dal mare come mai prima d&#8217;ora\"><img loading=\"lazy\" decoding=\"async\" width=\"800\" height=\"533\" src=\"https:\/\/jetskifly.com\/wp-content\/uploads\/alquiler-moto-de-agua-1500x1000.png\" class=\"attachment-large size-large wp-post-image\" alt=\"\" style=\"\" srcset=\"https:\/\/jetskifly.com\/wp-content\/uploads\/alquiler-moto-de-agua-1500x1000.png 1500w, https:\/\/jetskifly.com\/wp-content\/uploads\/alquiler-moto-de-agua-640x427.png 640w, https:\/\/jetskifly.com\/wp-content\/uploads\/alquiler-moto-de-agua-768x512.png 768w, https:\/\/jetskifly.com\/wp-content\/uploads\/alquiler-moto-de-agua-600x400.png 600w, https:\/\/jetskifly.com\/wp-content\/uploads\/alquiler-moto-de-agua.png 1536w\" sizes=\"(max-width: 800px) 100vw, 800px\" \/><\/a><\/div><a class=\"wp-block-latest-posts__post-title\" href=\"https:\/\/jetskifly.com\/it\/ibiza-moto-dacqua-scopri-lisola-dal-mare-come-mai-prima-dora\/\">Ibiza moto d&#8217;acqua: scopri l&#8217;isola dal mare come mai prima d&#8217;ora<\/a><div class=\"wp-block-latest-posts__post-excerpt\">Ibiza moto d&#8217;acqua: scopri l&#8217;isola dal mare come mai prima d&#8217;ora Ibiza \u00e8 molto pi\u00f9 di una semplice festa. \u00c8 natura, libert\u00e0, mare aperto e calette nascoste. E non c&#8217;\u00e8 modo migliore per vivere tutto questo che esplorare Ibiza su una moto d&#8217;acqua. Mentre la maggior parte dei\u2026 <a class=\"wp-block-latest-posts__read-more\" href=\"https:\/\/jetskifly.com\/it\/ibiza-moto-dacqua-scopri-lisola-dal-mare-come-mai-prima-dora\/\" rel=\"noopener noreferrer\">Leggi tutto<span class=\"screen-reader-text\">: Ibiza moto d&#8217;acqua: scopri l&#8217;isola dal mare come mai prima d&#8217;ora<\/span><\/a><\/div><\/li>\n<li><div class=\"wp-block-latest-posts__featured-image aligncenter\"><a href=\"https:\/\/jetskifly.com\/it\/noleggio-moto-dacqua-a-ibiza-la-guida-definitiva-per-principianti-ed-esperti\/\" aria-label=\"Noleggio moto d&#8217;acqua a Ibiza: la guida definitiva per principianti ed esperti\"><img loading=\"lazy\" decoding=\"async\" width=\"800\" height=\"533\" src=\"https:\/\/jetskifly.com\/wp-content\/uploads\/jetsky-1500x1000.png\" class=\"attachment-large size-large wp-post-image\" alt=\"\" style=\"\" srcset=\"https:\/\/jetskifly.com\/wp-content\/uploads\/jetsky-1500x1000.png 1500w, https:\/\/jetskifly.com\/wp-content\/uploads\/jetsky-640x427.png 640w, https:\/\/jetskifly.com\/wp-content\/uploads\/jetsky-768x512.png 768w, https:\/\/jetskifly.com\/wp-content\/uploads\/jetsky-600x400.png 600w, https:\/\/jetskifly.com\/wp-content\/uploads\/jetsky.png 1536w\" sizes=\"(max-width: 800px) 100vw, 800px\" \/><\/a><\/div><a class=\"wp-block-latest-posts__post-title\" href=\"https:\/\/jetskifly.com\/it\/noleggio-moto-dacqua-a-ibiza-la-guida-definitiva-per-principianti-ed-esperti\/\">Noleggio moto d&#8217;acqua a Ibiza: la guida definitiva per principianti ed esperti<\/a><div class=\"wp-block-latest-posts__post-excerpt\">Se stai pensando di vivere un&#8217;esperienza indimenticabile durante le tue vacanze, il noleggio di moto d&#8217;acqua a Ibiza \u00e8 una delle migliori attivit\u00e0 che puoi fare. Che sia la tua prima volta o che tu abbia gi\u00e0 esperienza, visitare la costa di Ibiza su una moto d&#8217;acqua ti\u2026 <a class=\"wp-block-latest-posts__read-more\" href=\"https:\/\/jetskifly.com\/it\/noleggio-moto-dacqua-a-ibiza-la-guida-definitiva-per-principianti-ed-esperti\/\" rel=\"noopener noreferrer\">Leggi tutto<span class=\"screen-reader-text\">: Noleggio moto d&#8217;acqua a Ibiza: la guida definitiva per principianti ed esperti<\/span><\/a><\/div><\/li>\n<li><div class=\"wp-block-latest-posts__featured-image aligncenter\"><a href=\"https:\/\/jetskifly.com\/it\/5-motivi-per-cui-noleggiare-una-moto-dacqua-a-ibiza-e-il-miglior-piano-della-tua-estate\/\" aria-label=\"5 motivi per cui noleggiare una moto d&#8217;acqua a Ibiza \u00e8 il miglior piano della tua estate\"><img loading=\"lazy\" decoding=\"async\" width=\"800\" height=\"533\" src=\"https:\/\/jetskifly.com\/wp-content\/uploads\/playa-ibiza-1500x1000.png\" class=\"attachment-large size-large wp-post-image\" alt=\"\" style=\"\" srcset=\"https:\/\/jetskifly.com\/wp-content\/uploads\/playa-ibiza-1500x1000.png 1500w, https:\/\/jetskifly.com\/wp-content\/uploads\/playa-ibiza-640x427.png 640w, https:\/\/jetskifly.com\/wp-content\/uploads\/playa-ibiza-768x512.png 768w, https:\/\/jetskifly.com\/wp-content\/uploads\/playa-ibiza-600x400.png 600w, https:\/\/jetskifly.com\/wp-content\/uploads\/playa-ibiza.png 1536w\" sizes=\"(max-width: 800px) 100vw, 800px\" \/><\/a><\/div><a class=\"wp-block-latest-posts__post-title\" href=\"https:\/\/jetskifly.com\/it\/5-motivi-per-cui-noleggiare-una-moto-dacqua-a-ibiza-e-il-miglior-piano-della-tua-estate\/\">5 motivi per cui noleggiare una moto d&#8217;acqua a Ibiza \u00e8 il miglior piano della tua estate<\/a><div class=\"wp-block-latest-posts__post-excerpt\">5 motivi per cui noleggiare una moto d&#8217;acqua a Ibiza \u00e8 il miglior piano della tua estate Se stai organizzando le tue vacanze e ti stai chiedendo cosa fare a Ibiza per vivere un&#8217;esperienza diversa, emozionante e unica, la risposta \u00e8 chiara: noleggia una moto d&#8217;acqua e scopri\u2026 <a class=\"wp-block-latest-posts__read-more\" href=\"https:\/\/jetskifly.com\/it\/5-motivi-per-cui-noleggiare-una-moto-dacqua-a-ibiza-e-il-miglior-piano-della-tua-estate\/\" rel=\"noopener noreferrer\">Leggi tutto<span class=\"screen-reader-text\">: 5 motivi per cui noleggiare una moto d&#8217;acqua a Ibiza \u00e8 il miglior piano della tua estate<\/span><\/a><\/div><\/li>\n<li><div class=\"wp-block-latest-posts__featured-image aligncenter\"><a href=\"https:\/\/jetskifly.com\/it\/i-migliori-tour-in-moto-dacqua-a-ibiza-esplora-calette-segrete-e-paesaggi-unici\/\" aria-label=\"I migliori tour in moto d&#8217;acqua a Ibiza: esplora calette segrete e paesaggi unici\"><img loading=\"lazy\" decoding=\"async\" width=\"800\" height=\"533\" src=\"https:\/\/jetskifly.com\/wp-content\/uploads\/ruta-moto-de-agua-1500x1000.png\" class=\"attachment-large size-large wp-post-image\" alt=\"\" style=\"\" srcset=\"https:\/\/jetskifly.com\/wp-content\/uploads\/ruta-moto-de-agua-1500x1000.png 1500w, https:\/\/jetskifly.com\/wp-content\/uploads\/ruta-moto-de-agua-640x427.png 640w, https:\/\/jetskifly.com\/wp-content\/uploads\/ruta-moto-de-agua-768x512.png 768w, https:\/\/jetskifly.com\/wp-content\/uploads\/ruta-moto-de-agua-600x400.png 600w, https:\/\/jetskifly.com\/wp-content\/uploads\/ruta-moto-de-agua.png 1536w\" sizes=\"(max-width: 800px) 100vw, 800px\" \/><\/a><\/div><a class=\"wp-block-latest-posts__post-title\" href=\"https:\/\/jetskifly.com\/it\/i-migliori-tour-in-moto-dacqua-a-ibiza-esplora-calette-segrete-e-paesaggi-unici\/\">I migliori tour in moto d&#8217;acqua a Ibiza: esplora calette segrete e paesaggi unici<\/a><div class=\"wp-block-latest-posts__post-excerpt\">I migliori tour in moto d&#8217;acqua a Ibiza: esplora calette segrete e paesaggi unici Visitare Ibiza in moto d&#8217;acqua \u00e8 molto pi\u00f9 di un&#8217;attivit\u00e0 acquatica: \u00e8 un&#8217;esperienza di libert\u00e0, avventura e connessione con una delle coste pi\u00f9 spettacolari del Mediterraneo. Ogni percorso in moto d&#8217;acqua rivela un lato\u2026 <a class=\"wp-block-latest-posts__read-more\" href=\"https:\/\/jetskifly.com\/it\/i-migliori-tour-in-moto-dacqua-a-ibiza-esplora-calette-segrete-e-paesaggi-unici\/\" rel=\"noopener noreferrer\">Leggi tutto<span class=\"screen-reader-text\">: I migliori tour in moto d&#8217;acqua a Ibiza: esplora calette segrete e paesaggi unici<\/span><\/a><\/div><\/li>\n<li><div class=\"wp-block-latest-posts__featured-image aligncenter\"><a href=\"https:\/\/jetskifly.com\/it\/5-motivi-per-vivere-lavventura-in-moto-dacqua-a-ibiza-include-la-guida-per-principianti\/\" aria-label=\"5 motivi per vivere l&#8217;avventura in moto d&#8217;acqua a Ibiza (include la guida per principianti)\"><img loading=\"lazy\" decoding=\"async\" width=\"800\" height=\"534\" src=\"https:\/\/jetskifly.com\/wp-content\/uploads\/IMG_5973-1500x1002.jpeg\" class=\"attachment-large size-large wp-post-image\" alt=\"\" style=\"\" srcset=\"https:\/\/jetskifly.com\/wp-content\/uploads\/IMG_5973-1500x1002.jpeg 1500w, https:\/\/jetskifly.com\/wp-content\/uploads\/IMG_5973-600x401.jpeg 600w, https:\/\/jetskifly.com\/wp-content\/uploads\/IMG_5973-640x427.jpeg 640w, https:\/\/jetskifly.com\/wp-content\/uploads\/IMG_5973-768x513.jpeg 768w, https:\/\/jetskifly.com\/wp-content\/uploads\/IMG_5973-1536x1026.jpeg 1536w, https:\/\/jetskifly.com\/wp-content\/uploads\/IMG_5973.jpeg 1920w\" sizes=\"(max-width: 800px) 100vw, 800px\" \/><\/a><\/div><a class=\"wp-block-latest-posts__post-title\" href=\"https:\/\/jetskifly.com\/it\/5-motivi-per-vivere-lavventura-in-moto-dacqua-a-ibiza-include-la-guida-per-principianti\/\">5 motivi per vivere l&#8217;avventura in moto d&#8217;acqua a Ibiza (include la guida per principianti)<\/a><div class=\"wp-block-latest-posts__post-excerpt\">Ibiza no es solo fiesta y m\u00fasica electr\u00f3nica. Esta joya del Mediterr\u00e1neo tambi\u00e9n ofrece aventuras emocionantes sobre el agua. Si est\u00e1s planeando tus vacaciones y buscas una experiencia \u00fanica, subirte a un jet ski en Ibiza es la forma perfecta de combinar adrenalina, paisajes y libertad. Aqu\u00ed te\u2026 <a class=\"wp-block-latest-posts__read-more\" href=\"https:\/\/jetskifly.com\/it\/5-motivi-per-vivere-lavventura-in-moto-dacqua-a-ibiza-include-la-guida-per-principianti\/\" rel=\"noopener noreferrer\">Leggi tutto<span class=\"screen-reader-text\">: 5 motivi per vivere l&#8217;avventura in moto d&#8217;acqua a Ibiza (include la guida per principianti)<\/span><\/a><\/div><\/li>\n<\/ul>\n\n\n<p class=\"\/* Mejora visual del t\u00edtulo *\/ .blog a, .blog h2, .blog h3, .blog h4 {   color: #111 !important;   font-size: 24px !important;   font-weight: bold !important;   text-decoration: none !important;   line-height: 1.4;   display: block;   margin-bottom: 10px; }  \/* Texto del resumen *\/ .blog p {   font-size: 18px !important;   color: #333 !important;   line-height: 1.6;   margin-bottom: 20px; }  \/* Estilo para la caja del post *\/ .blog article, .blog .elementor-post, .blog .elementor-widget-container {   background: #fff;   padding: 25px;   border-radius: 12px;   box-shadow: 0 6px 20px rgba(0,0,0,0.05);   transition: all 0.3s ease-in-out;   max-width: 900px;   margin: 30px auto; }  \/* Imagen destacada *\/ .blog img {   max-width: 100%;   border-radius: 10px;   margin-bottom: 20px; }  \/* Hover atractivo *\/ .blog article:hover {   transform: translateY(-5px);   box-shadow: 0 12px 28px rgba(0,0,0,0.12); }\"><\/p>\n","protected":false},"excerpt":{"rendered":"","protected":false},"author":3,"featured_media":0,"parent":0,"menu_order":0,"comment_status":"closed","ping_status":"closed","template":"elementor_theme","meta":{"_acf_changed":false,"_joinchat":[],"footnotes":""},"class_list":["post-3234","page","type-page","status-publish","hentry"],"acf":[],"_links":{"self":[{"href":"https:\/\/jetskifly.com\/it\/wp-json\/wp\/v2\/pages\/3234","targetHints":{"allow":["GET"]}}],"collection":[{"href":"https:\/\/jetskifly.com\/it\/wp-json\/wp\/v2\/pages"}],"about":[{"href":"https:\/\/jetskifly.com\/it\/wp-json\/wp\/v2\/types\/page"}],"author":[{"embeddable":true,"href":"https:\/\/jetskifly.com\/it\/wp-json\/wp\/v2\/users\/3"}],"replies":[{"embeddable":true,"href":"https:\/\/jetskifly.com\/it\/wp-json\/wp\/v2\/comments?post=3234"}],"version-history":[{"count":0,"href":"https:\/\/jetskifly.com\/it\/wp-json\/wp\/v2\/pages\/3234\/revisions"}],"wp:attachment":[{"href":"https:\/\/jetskifly.com\/it\/wp-json\/wp\/v2\/media?parent=3234"}],"curies":[{"name":"wp","href":"https:\/\/api.w.org\/{rel}","templated":true}]}}