{"id":3471,"date":"2025-04-06T10:47:15","date_gmt":"2025-04-06T08:47:15","guid":{"rendered":"https:\/\/jetskifly.com\/producto\/yamaha-fx-cruiser-svho-300cv\/"},"modified":"2025-04-06T10:47:15","modified_gmt":"2025-04-06T08:47:15","slug":"yamaha-fx-cruiser-svho-300cv","status":"publish","type":"product","link":"https:\/\/jetskifly.com\/it\/producto\/yamaha-fx-cruiser-svho-300cv\/","title":{"rendered":"Yamaha FX Cruiser SVHO 300CV"},"content":{"rendered":"<p class=\"p1\">Lo Yamaha FX Cruiser SVHO 300 CV in uno splendido rosso acceso \u00e8 la perfetta combinazione di potenza, comfort e stile. Con il suo motore sovralimentato da 300 CV, offre una velocit\u00e0 incredibile e un controllo totale sulle acque di Ibiza. <\/p>\n<p class=\"p1\">Una delle sue caratteristiche distintive \u00e8 il sistema di sospensione integrato nella sella, che riduce l&#8217;impatto delle onde e offre una guida pi\u00f9 fluida e confortevole, anche nei lunghi viaggi. Inoltre, puoi collegare la tua musica e goderti un viaggio ancora pi\u00f9 divertente. <\/p>\n<p class=\"p1\">Se stai cercando qualcosa di unico, veloce e comodo per esplorare Ibiza, questa moto d&#8217;acqua fa per te.<\/p>\n<p class=\"p1\">Rendilo tuo e vivi l&#8217;avventura!<\/p>\n","protected":false},"excerpt":{"rendered":"<p>Lo Yamaha FX Cruiser SVHO 300 CV in uno splendido rosso acceso \u00e8 la perfetta combinazione di potenza, comfort e stile. Con il suo motore sovralimentato da 300 CV, offre una velocit\u00e0 incredibile e un controllo totale sulle acque di Ibiza. Una delle sue caratteristiche distintive \u00e8 il sistema di sospensione integrato nella sella, che [&hellip;]<\/p>\n","protected":false},"featured_media":3473,"template":"","meta":{"_acf_changed":false,"_joinchat":[]},"product_brand":[],"product_cat":[87],"product_tag":[],"class_list":{"0":"post-3471","1":"product","2":"type-product","3":"status-publish","4":"has-post-thumbnail","6":"product_cat-moto-dacqua","8":"first","9":"instock","10":"sold-individually","11":"taxable","12":"shipping-taxable","13":"purchasable","14":"product-type-booking"},"acf":[],"_links":{"self":[{"href":"https:\/\/jetskifly.com\/it\/wp-json\/wp\/v2\/product\/3471","targetHints":{"allow":["GET"]}}],"collection":[{"href":"https:\/\/jetskifly.com\/it\/wp-json\/wp\/v2\/product"}],"about":[{"href":"https:\/\/jetskifly.com\/it\/wp-json\/wp\/v2\/types\/product"}],"wp:featuredmedia":[{"embeddable":true,"href":"https:\/\/jetskifly.com\/it\/wp-json\/wp\/v2\/media\/3473"}],"wp:attachment":[{"href":"https:\/\/jetskifly.com\/it\/wp-json\/wp\/v2\/media?parent=3471"}],"wp:term":[{"taxonomy":"product_brand","embeddable":true,"href":"https:\/\/jetskifly.com\/it\/wp-json\/wp\/v2\/product_brand?post=3471"},{"taxonomy":"product_cat","embeddable":true,"href":"https:\/\/jetskifly.com\/it\/wp-json\/wp\/v2\/product_cat?post=3471"},{"taxonomy":"product_tag","embeddable":true,"href":"https:\/\/jetskifly.com\/it\/wp-json\/wp\/v2\/product_tag?post=3471"}],"curies":[{"name":"wp","href":"https:\/\/api.w.org\/{rel}","templated":true}]}}