{"id":3485,"date":"2025-04-06T10:44:20","date_gmt":"2025-04-06T08:44:20","guid":{"rendered":"https:\/\/jetskifly.com\/producto\/sea-doo-gtx-230cv\/"},"modified":"2025-04-06T10:44:20","modified_gmt":"2025-04-06T08:44:20","slug":"sea-doo-gtx-230cv","status":"publish","type":"product","link":"https:\/\/jetskifly.com\/it\/producto\/sea-doo-gtx-230cv\/","title":{"rendered":"Sea-Doo GTX 230CV"},"content":{"rendered":"<p class=\"p1\">La Sea-Doo GTX 230CV \u00e8 prestazioni e comfort allo stato puro. Con il suo motore da 230 CV, l&#8217;accelerazione brutale e la stabilit\u00e0, \u00e8 perfetto per esplorare le acque di Ibiza a tutta velocit\u00e0 o per rilassarsi sulla sua ampia piattaforma. <\/p>\n<p class=\"p1\">Inoltre, il suo sistema di frenata e retromarcia (iBR) offre maggiore controllo e sicurezza. Il meglio? <\/p>\n<p class=\"p1\">Puoi aggiungere musica per rendere l&#8217;esperienza ancora pi\u00f9 epica. Sali a bordo e divertiti! <\/p>\n","protected":false},"excerpt":{"rendered":"<p>La Sea-Doo GTX 230CV \u00e8 prestazioni e comfort allo stato puro. Con il suo motore da 230 CV, l&#8217;accelerazione brutale e la stabilit\u00e0, \u00e8 perfetto per esplorare le acque di Ibiza a tutta velocit\u00e0 o per rilassarsi sulla sua ampia piattaforma. Inoltre, il suo sistema di frenata e retromarcia (iBR) offre maggiore controllo e sicurezza. [&hellip;]<\/p>\n","protected":false},"featured_media":3486,"template":"","meta":{"_acf_changed":false,"_joinchat":[]},"product_brand":[],"product_cat":[87],"product_tag":[],"class_list":{"0":"post-3485","1":"product","2":"type-product","3":"status-publish","4":"has-post-thumbnail","6":"product_cat-moto-dacqua","8":"first","9":"instock","10":"sold-individually","11":"taxable","12":"shipping-taxable","13":"purchasable","14":"product-type-booking"},"acf":[],"_links":{"self":[{"href":"https:\/\/jetskifly.com\/it\/wp-json\/wp\/v2\/product\/3485","targetHints":{"allow":["GET"]}}],"collection":[{"href":"https:\/\/jetskifly.com\/it\/wp-json\/wp\/v2\/product"}],"about":[{"href":"https:\/\/jetskifly.com\/it\/wp-json\/wp\/v2\/types\/product"}],"wp:featuredmedia":[{"embeddable":true,"href":"https:\/\/jetskifly.com\/it\/wp-json\/wp\/v2\/media\/3486"}],"wp:attachment":[{"href":"https:\/\/jetskifly.com\/it\/wp-json\/wp\/v2\/media?parent=3485"}],"wp:term":[{"taxonomy":"product_brand","embeddable":true,"href":"https:\/\/jetskifly.com\/it\/wp-json\/wp\/v2\/product_brand?post=3485"},{"taxonomy":"product_cat","embeddable":true,"href":"https:\/\/jetskifly.com\/it\/wp-json\/wp\/v2\/product_cat?post=3485"},{"taxonomy":"product_tag","embeddable":true,"href":"https:\/\/jetskifly.com\/it\/wp-json\/wp\/v2\/product_tag?post=3485"}],"curies":[{"name":"wp","href":"https:\/\/api.w.org\/{rel}","templated":true}]}}